{"id":1438,"date":"2024-05-22T17:12:36","date_gmt":"2024-05-22T21:12:36","guid":{"rendered":"https:\/\/hcc-03.eproofs.ca\/ressources\/guide-de-sante-pratique\/"},"modified":"2024-08-13T21:55:45","modified_gmt":"2024-08-14T01:55:45","slug":"guide-de-sante-pratique","status":"publish","type":"page","link":"https:\/\/www.healthcharities.ca\/fr\/ressources\/guide-de-sante-pratique\/","title":{"rendered":"Guide de sant\u00e9 pratique"},"content":{"rendered":"\n<div class=\"wp-block-group alignfull is-layout-constrained wp-block-group-is-layout-constrained\">\n<div class=\"wp-block-media-text alignwide has-media-on-the-right is-stacked-on-mobile is-style-smart-wide has-theme-primary-background-color has-background\"><div class=\"wp-block-media-text__content\">\n<p><span class=\"Apple-style-span\">Le Guide de sant\u00e9<\/span> pratiquea a \u00e9t\u00e9 r\u00e9dig\u00e9 pour aider les patients, les aidants naturels, les amis et les familles \u00e0 g\u00e9rer l\u2019information sur le syst\u00e8me de soins de sant\u00e9 canadien qui peut souvent d\u00e9sorienter.<\/p>\n\n\n\n<p>Si vous, ou une personne que vous aimez et qui vous est ch\u00e8re, essayez de trouver des services de sant\u00e9, un appui ou de l\u2019information sur une maladie, voici ce que vous pouvez faire pour b\u00e9n\u00e9ficier des meilleurs soins possible.<\/p>\n<\/div><figure class=\"wp-block-media-text__media\"><img loading=\"lazy\" decoding=\"async\" width=\"800\" height=\"533\" src=\"https:\/\/www.healthcharities.ca\/wp-content\/uploads\/2024\/06\/enjoying-life-scaled-800.jpg\" alt=\"Des retrait\u00e9s joyeux profitant de leur vie ensemble en s&#039;amusant dehors dans le parc\" class=\"wp-image-900 size-full\" srcset=\"https:\/\/www.healthcharities.ca\/wp-content\/uploads\/2024\/06\/enjoying-life-scaled-800.jpg 800w, https:\/\/www.healthcharities.ca\/wp-content\/uploads\/2024\/06\/enjoying-life-scaled-800-300x200.jpg 300w\" sizes=\"auto, (max-width: 800px) 100vw, 800px\" \/><\/figure><\/div>\n\n\n\n<div class=\"wp-block-media-text alignwide is-stacked-on-mobile\"><figure class=\"wp-block-media-text__media\"><img loading=\"lazy\" decoding=\"async\" width=\"800\" height=\"480\" src=\"https:\/\/www.healthcharities.ca\/wp-content\/uploads\/2024\/06\/diverse-facial-portraits-assembly-of-men-and-women.jpg\" alt=\"\" class=\"wp-image-1288 size-full\" srcset=\"https:\/\/www.healthcharities.ca\/wp-content\/uploads\/2024\/06\/diverse-facial-portraits-assembly-of-men-and-women.jpg 800w, https:\/\/www.healthcharities.ca\/wp-content\/uploads\/2024\/06\/diverse-facial-portraits-assembly-of-men-and-women-300x180.jpg 300w\" sizes=\"auto, (max-width: 800px) 100vw, 800px\" \/><\/figure><div class=\"wp-block-media-text__content\">\n<p>Le Guide contient des renseignements de base pour savoir comment parler d\u2019un large \u00e9ventail de questions aux personnes qui travaillent au sein du syst\u00e8me, notamment pour :<\/p>\n\n\n\n<ul class=\"wp-block-list\">\n<li><span class=\"Apple-style-span\">comprendre<\/span> le syst\u00e8me de soins de sant\u00e9<\/li>\n\n\n\n<li><span class=\"Apple-style-span\">trouver<\/span> l\u2019information et les services dont vous avez besoin<\/li>\n\n\n\n<li><span class=\"Apple-style-span\">examiner<\/span> et \u00e9valuer l\u2019information que vous trouvez<\/li>\n\n\n\n<li><span class=\"Apple-style-span\">parler<\/span> avec votre m\u00e9decin ou fournisseur de soins de sant\u00e9<\/li>\n\n\n\n<li><span class=\"Apple-style-span\">demander<\/span> une deuxi\u00e8me opinion<\/li>\n\n\n\n<li><span class=\"Apple-style-span\">g\u00e9rer<\/span> votre \u00e9tat de sant\u00e9<\/li>\n\n\n\n<li><span class=\"Apple-style-span\">payer<\/span> vos m\u00e9dicaments<\/li>\n\n\n\n<li><span class=\"Apple-style-span\">participer<\/span> \u00e0 un essai clinique<\/li>\n\n\n\n<li><span class=\"Apple-style-span\">d\u00e9fendre<\/span> vos droits et demander l\u2019appui dont vous avez besoin<\/li>\n<\/ul>\n<\/div><\/div>\n<\/div>\n\n<div class=\"wp-block-group alignfull has-theme-primary-background-color has-background is-layout-constrained wp-block-group-is-layout-constrained\">\n<div class=\"wp-block-columns alignwide is-layout-flex wp-container-core-columns-is-layout-9d6595d7 wp-block-columns-is-layout-flex\">\n<div class=\"wp-block-column is-layout-flow wp-block-column-is-layout-flow\">\n<p><span class=\"Apple-style-span\"><span class=\"Apple-style-span\">Veuillez noter que les renseignements contenus dans ce site Web ne sont pas destin\u00e9s \u00e0 remplacer les avis m\u00e9dicaux de votre \u00e9quipe soignante. Ils se limitent strictement \u00e0 vous guider, afin de vous assister pendant un parcours qui peut \u00eatre \u00e9prouvant.<\/span><\/span><\/p>\n\n\n\n<p>Nous souhaitons remercier Ryan Clarke, pr\u00e9sident, Advocacy Solutions et Rosemary Colucci, de Culucci Health Consulting Inc., My\u00e9lome Canada (pour l\u2019utilisation de son manuel pour les patients \u00e0 titre de r\u00e9f\u00e9rence) et les membres du Comit\u00e9 permanent de la CCOBS sur la politique de sant\u00e9 de leurs contributions \u00e0 l\u2019\u00e9laboration de ce document.<\/p>\n\n\n\n<p>Pour t\u00e9l\u00e9charger un exemplaire Web du Guide en anglais, veuillez cliquer sur \u00ab <a href=\"https:\/\/www.healthcharities.ca\/wp-content\/uploads\/2024\/05\/HCCC_HowToHealthGuide_2016_EN-Final.pdf\" target=\"_blank\" rel=\"noopener\">\u2018How To\u2019 Health Guide<\/a> \u00bb.<\/p>\n\n\n\n<p>Pour t\u00e9l\u00e9charger un exemplaire Web du Guide en fran\u00e7ais, cliquez sur <a href=\"https:\/\/www.healthcharities.ca\/wp-content\/uploads\/2024\/05\/HCCC_HowToHealthGuide_2016_FR-Final.pdf\" target=\"_blank\" rel=\"noopener\">Le guide de sant\u00e9 pratique.<\/a><\/p>\n<\/div>\n<\/div>\n<\/div>\n","protected":false},"excerpt":{"rendered":"<p>Le Guide de sant\u00e9 pratiquea a \u00e9t\u00e9 r\u00e9dig\u00e9 pour aider les patients, les aidants naturels, les amis et les familles \u00e0 g\u00e9rer l\u2019information sur le syst\u00e8me de soins de sant\u00e9 canadien qui peut souvent d\u00e9sorienter. Si vous, ou une personne que vous aimez et qui vous est ch\u00e8re, essayez de trouver des services de sant\u00e9, [&hellip;]<\/p>\n","protected":false},"author":1,"featured_media":0,"parent":756,"menu_order":0,"comment_status":"open","ping_status":"open","template":"","meta":{"_acf_changed":false,"footnotes":""},"class_list":["post-1438","page","type-page","status-publish","hentry"],"better_featured_image":null,"acf":[],"_links":{"self":[{"href":"https:\/\/www.healthcharities.ca\/fr\/wp-json\/wp\/v2\/pages\/1438","targetHints":{"allow":["GET"]}}],"collection":[{"href":"https:\/\/www.healthcharities.ca\/fr\/wp-json\/wp\/v2\/pages"}],"about":[{"href":"https:\/\/www.healthcharities.ca\/fr\/wp-json\/wp\/v2\/types\/page"}],"author":[{"embeddable":true,"href":"https:\/\/www.healthcharities.ca\/fr\/wp-json\/wp\/v2\/users\/1"}],"replies":[{"embeddable":true,"href":"https:\/\/www.healthcharities.ca\/fr\/wp-json\/wp\/v2\/comments?post=1438"}],"version-history":[{"count":1,"href":"https:\/\/www.healthcharities.ca\/fr\/wp-json\/wp\/v2\/pages\/1438\/revisions"}],"predecessor-version":[{"id":1439,"href":"https:\/\/www.healthcharities.ca\/fr\/wp-json\/wp\/v2\/pages\/1438\/revisions\/1439"}],"up":[{"embeddable":true,"href":"https:\/\/www.healthcharities.ca\/fr\/wp-json\/wp\/v2\/pages\/756"}],"wp:attachment":[{"href":"https:\/\/www.healthcharities.ca\/fr\/wp-json\/wp\/v2\/media?parent=1438"}],"curies":[{"name":"wp","href":"https:\/\/api.w.org\/{rel}","templated":true}]}}