{"id":1485,"date":"2024-05-22T17:12:45","date_gmt":"2024-05-22T21:12:45","guid":{"rendered":"https:\/\/hcc-03.eproofs.ca\/ressources\/cadre-de-consensus-canadien-pour-une-collaboration-ethique\/"},"modified":"2024-08-13T23:07:18","modified_gmt":"2024-08-14T03:07:18","slug":"cadre-de-consensus-canadien-pour-une-collaboration-ethique","status":"publish","type":"page","link":"https:\/\/www.healthcharities.ca\/fr\/ressources\/cadre-de-consensus-canadien-pour-une-collaboration-ethique\/","title":{"rendered":"Cadre De Consensus Canadien Pour Une Collaboration \u00c9thique"},"content":{"rendered":"\n<div class=\"wp-block-group alignfull is-layout-constrained wp-block-group-is-layout-constrained\">\n<p>Des organismes de sant\u00e9 canadiens de premier plan ont \u00e9labor\u00e9 le Cadre de consensus canadien pour une collaboration \u00e9thique afin de cr\u00e9er un ensemble de normes \u00e9thiques pour guider la collaboration entre les organisations de patients, les professionnels de la sant\u00e9 et l\u2019industrie pharmaceutique. Le cadre d\u00e9finit quatre principes fondamentaux:<\/p>\n\n\n\n<ul class=\"wp-block-list\">\n<li>Veille \u00e0 ce que l\u2019int\u00e9r\u00eat sup\u00e9rieur des patients soit au coeur de nos activit\u00e9s;<\/li>\n\n\n\n<li>Favorise une conduite transparente et responsable;<\/li>\n\n\n\n<li>D\u00e9finit des r\u00e8gles claires sur les cadeaux, le financement et les conf\u00e9rences, l\u2019\u00e9ducation m\u00e9dicale continue et la recherche clinique; et<\/li>\n\n\n\n<li>Guide un leadership national \u00e9thique.<\/li>\n<\/ul>\n\n\n\n<p>Pour t\u00e9l\u00e9charger un exemplaire Web du Guide en anglais, veuillez cliquer sur \u00ab\u00a0<a href=\"https:\/\/www.healthcharities.ca\/wp-content\/uploads\/2024\/05\/canadian_consensus_framework_for_ethical_collaboration_updated_june_2021.pdf\">Canadian Consensus Framework For Ethical Collaboration<\/a>\u00ab\u00a0.<\/p>\n\n\n\n<p>Pour t\u00e9l\u00e9charger un exemplaire Web du Guide en fran\u00e7ais, cliquez sur \u00ab\u00a0<a href=\"https:\/\/www.healthcharities.ca\/wp-content\/uploads\/2024\/05\/canadian_consensus_framework_for_ethical_collaboration_fr.pdf\">Cadre De Consensus Canadien Pour Une Collaboration \u00c9thique<\/a>\u00ab\u00a0<\/p>\n<\/div>\n","protected":false},"excerpt":{"rendered":"<p>Des organismes de sant\u00e9 canadiens de premier plan ont \u00e9labor\u00e9 le Cadre de consensus canadien pour une collaboration \u00e9thique afin de cr\u00e9er un ensemble de normes \u00e9thiques pour guider la collaboration entre les organisations de patients, les professionnels de la sant\u00e9 et l\u2019industrie pharmaceutique. Le cadre d\u00e9finit quatre principes fondamentaux: Pour t\u00e9l\u00e9charger un exemplaire Web [&hellip;]<\/p>\n","protected":false},"author":1,"featured_media":0,"parent":756,"menu_order":0,"comment_status":"open","ping_status":"open","template":"","meta":{"_acf_changed":false,"footnotes":""},"class_list":["post-1485","page","type-page","status-publish","hentry"],"better_featured_image":null,"acf":[],"_links":{"self":[{"href":"https:\/\/www.healthcharities.ca\/fr\/wp-json\/wp\/v2\/pages\/1485","targetHints":{"allow":["GET"]}}],"collection":[{"href":"https:\/\/www.healthcharities.ca\/fr\/wp-json\/wp\/v2\/pages"}],"about":[{"href":"https:\/\/www.healthcharities.ca\/fr\/wp-json\/wp\/v2\/types\/page"}],"author":[{"embeddable":true,"href":"https:\/\/www.healthcharities.ca\/fr\/wp-json\/wp\/v2\/users\/1"}],"replies":[{"embeddable":true,"href":"https:\/\/www.healthcharities.ca\/fr\/wp-json\/wp\/v2\/comments?post=1485"}],"version-history":[{"count":1,"href":"https:\/\/www.healthcharities.ca\/fr\/wp-json\/wp\/v2\/pages\/1485\/revisions"}],"predecessor-version":[{"id":1486,"href":"https:\/\/www.healthcharities.ca\/fr\/wp-json\/wp\/v2\/pages\/1485\/revisions\/1486"}],"up":[{"embeddable":true,"href":"https:\/\/www.healthcharities.ca\/fr\/wp-json\/wp\/v2\/pages\/756"}],"wp:attachment":[{"href":"https:\/\/www.healthcharities.ca\/fr\/wp-json\/wp\/v2\/media?parent=1485"}],"curies":[{"name":"wp","href":"https:\/\/api.w.org\/{rel}","templated":true}]}}