{"id":595,"date":"2024-05-22T17:12:36","date_gmt":"2024-05-22T21:12:36","guid":{"rendered":"https:\/\/hcc-03.eproofs.ca\/?page_id=595"},"modified":"2024-07-12T18:07:21","modified_gmt":"2024-07-12T22:07:21","slug":"benefits-of-membership-avantages-de-ladhesion","status":"publish","type":"page","link":"https:\/\/www.healthcharities.ca\/fr\/membership-adhesion\/benefits-of-membership-avantages-de-ladhesion\/","title":{"rendered":"Avantages de l\u2019adh\u00e9sion"},"content":{"rendered":"\n<div class=\"wp-block-media-text alignfull is-stacked-on-mobile is-image-fill is-style-smart-wide\"><figure class=\"wp-block-media-text__media\" style=\"background-image:url(https:\/\/www.healthcharities.ca\/wp-content\/uploads\/2024\/06\/flag-stethoscope-scaled-800.jpg);background-position:50% 50%\"><img loading=\"lazy\" decoding=\"async\" width=\"800\" height=\"533\" src=\"https:\/\/www.healthcharities.ca\/wp-content\/uploads\/2024\/06\/flag-stethoscope-scaled-800.jpg\" alt=\"Stethoscope on Canadian flag.\" class=\"wp-image-899 size-full\" srcset=\"https:\/\/www.healthcharities.ca\/wp-content\/uploads\/2024\/06\/flag-stethoscope-scaled-800.jpg 800w, https:\/\/www.healthcharities.ca\/wp-content\/uploads\/2024\/06\/flag-stethoscope-scaled-800-300x200.jpg 300w\" sizes=\"auto, (max-width: 800px) 100vw, 800px\" \/><\/figure><div class=\"wp-block-media-text__content\">\n<h2 class=\"wp-block-heading\">Avantages de l\u2019adh\u00e9sion<\/h2>\n\n\n\n<p>La Coalition canadienne des organismes de bienfaisance en sant\u00e9 est un organisme ax\u00e9 sur ses membres qui se consacre \u00e0 promouvoir de saines politiques publiques en mati\u00e8re de sant\u00e9 et de la recherche en sant\u00e9 de la meilleure qualit\u00e9. La Coalition recherche l\u2019excellence en ce qui concerne les politiques de soins de sant\u00e9 et milite pour que le gouvernement f\u00e9d\u00e9ral et les d\u00e9cideurs fassent appel \u00e0 elle et \u00e0 ses membres pour obtenir orientations et leadership sur les importants enjeux qui affectent les Canadiennes et Canadiens. La Coalition cherche en outre \u00e0 faire reconna\u00eetre la comp\u00e9tence et le d\u00e9vouement des organismes de bienfaisance en sant\u00e9 et leur contribution \u00e0 l\u2019am\u00e9lioration de la sant\u00e9 et du bien-\u00eatre de toute la population canadienne.<\/p>\n<\/div><\/div>\n\n\n\n<div class=\"wp-block-group alignfull is-layout-constrained wp-block-group-is-layout-constrained\">\n<div class=\"wp-block-columns alignwide is-layout-flex wp-container-core-columns-is-layout-9d6595d7 wp-block-columns-is-layout-flex\">\n<div class=\"wp-block-column is-layout-flow wp-block-column-is-layout-flow\">\n<h3 class=\"wp-block-heading\">Adh\u00e9sion<\/h3>\n\n\n\n<p>\u00catre membre de la Coalition canadienne des organismes de bienfaisance en sant\u00e9, c\u2019est :<\/p>\n<\/div>\n<\/div>\n\n\n\n<div class=\"wp-block-columns alignwide is-layout-flex wp-container-core-columns-is-layout-9d6595d7 wp-block-columns-is-layout-flex\">\n<div class=\"wp-block-column is-layout-flow wp-block-column-is-layout-flow\">\n<ul class=\"wp-block-list\">\n<li>militer aupr\u00e8s du gouvernement f\u00e9d\u00e9ral et de ses agences au moyen d\u2019une voix unifi\u00e9e sur des questions de politiques publiques li\u00e9es au secteur de la bienfaisance en sant\u00e9, et avoir acc\u00e8s \u00e0 des politiciens et des hauts fonctionnaires cl\u00e9s qui seraient autrement inaccessibles;<\/li>\n\n\n\n<li>mettre en commun l\u2019information et le leadership en ce qui concerne des enjeux prioritaires pour les organismes nationaux de bienfaisance en sant\u00e9 et les secteurs b\u00e9n\u00e9vole et communautaire;<\/li>\n\n\n\n<li>\u00e9tablir et promouvoir des liens au sein \u2013 et \u00e0 l\u2019ext\u00e9rieur \u2013 des secteurs b\u00e9n\u00e9vole et communautaire afin de faire avancer les missions particuli\u00e8res et communes de tous les membres;<\/li>\n\n\n\n<li>participer aux forums bisannuels des PDG qui permettent de d\u00e9battre de questions d\u2019int\u00e9r\u00eat commun sur l\u2019administration d\u2019organismes nationaux de bienfaisance en sant\u00e9, o\u00f9 des conf\u00e9renciers s\u2019expriment en outre sur des enjeux sectoriels pertinents (\u00e0 l\u2019intention des PDG membres de la Coalition);<\/li>\n<\/ul>\n<\/div>\n\n\n\n<div class=\"wp-block-column is-layout-flow wp-block-column-is-layout-flow\">\n<ul class=\"wp-block-list\">\n<li>participer aux tables rondes des PDG mensuelles qui sont ax\u00e9es sur la recherche en sant\u00e9 et sur les politiques publiques en mati\u00e8re de sant\u00e9 (exclusivement r\u00e9serv\u00e9es aux PDG membres);<\/li>\n\n\n\n<li>participer aux groupes de travail et aux comit\u00e9s de la Coalition pour traiter des priorit\u00e9s cl\u00e9s, ce qui permet :<br>(i) de r\u00e9seauter et de se perfectionner professionnellement avec des coll\u00e8gues de partout au pays;<br>(ii) de r\u00e9aliser des \u00e9conomies d\u2019\u00e9chelle au moment de diffuser des messages communs et de cr\u00e9er de la coh\u00e9sion dans le secteur (*remarque : ouverts aux PDG et hauts dirigeants des organismes membres);<\/li>\n\n\n\n<li>travailler au sein des Instituts de recherche en sant\u00e9 du Canada (IRSC) et d\u2019autres organismes de recherche sur des enjeux communs en mati\u00e8re de recherche en sant\u00e9.<\/li>\n<\/ul>\n<\/div>\n<\/div>\n\n\n\n<p>Pour obtenir une copie du formulaire de demande d\u2019adh\u00e9sion, veuillez nous \u00e9crire \u00e0 <a href=\"mailto:info@healthcharities.ca\">info@healthcharities.ca<\/a>.<\/p>\n\n\n\n<figure class=\"wp-block-image aligncenter size-full\"><img loading=\"lazy\" decoding=\"async\" width=\"613\" height=\"793\" src=\"https:\/\/www.healthcharities.ca\/wp-content\/uploads\/2024\/06\/HCCC_Infographic_2017_FR_613x793.jpg\" alt=\"\" class=\"wp-image-596\" srcset=\"https:\/\/www.healthcharities.ca\/wp-content\/uploads\/2024\/06\/HCCC_Infographic_2017_FR_613x793.jpg 613w, https:\/\/www.healthcharities.ca\/wp-content\/uploads\/2024\/06\/HCCC_Infographic_2017_FR_613x793-232x300.jpg 232w\" sizes=\"auto, (max-width: 613px) 100vw, 613px\" \/><\/figure>\n<\/div>\n","protected":false},"excerpt":{"rendered":"<p>Avantages de l\u2019adh\u00e9sion La Coalition canadienne des organismes de bienfaisance en sant\u00e9 est un organisme ax\u00e9 sur ses membres qui se consacre \u00e0 promouvoir de saines politiques publiques en mati\u00e8re de sant\u00e9 et de la recherche en sant\u00e9 de la meilleure qualit\u00e9. La Coalition recherche l\u2019excellence en ce qui concerne les politiques de soins de [&hellip;]<\/p>\n","protected":false},"author":1,"featured_media":431,"parent":677,"menu_order":0,"comment_status":"closed","ping_status":"closed","template":"","meta":{"_acf_changed":false,"footnotes":""},"class_list":["post-595","page","type-page","status-publish","has-post-thumbnail","hentry"],"better_featured_image":{"id":431,"alt_text":"","caption":"","description":"","media_type":"image","media_details":{"width":613,"height":793,"file":"2024\/05\/HCCC_Infographic_2017_EN_613x793.jpg","filesize":98884,"sizes":{"medium":{"file":"HCCC_Infographic_2017_EN_613x793-232x300.jpg","width":232,"height":300,"mime-type":"image\/jpeg","filesize":17054,"source_url":"https:\/\/www.healthcharities.ca\/wp-content\/uploads\/2024\/05\/HCCC_Infographic_2017_EN_613x793-232x300.jpg"},"thumbnail":{"file":"HCCC_Infographic_2017_EN_613x793-150x150.jpg","width":150,"height":150,"mime-type":"image\/jpeg","filesize":7125,"source_url":"https:\/\/www.healthcharities.ca\/wp-content\/uploads\/2024\/05\/HCCC_Infographic_2017_EN_613x793-150x150.jpg"},"post-thumbnail":{"file":"HCCC_Infographic_2017_EN_613x793-150x150.jpg","width":150,"height":150,"mime-type":"image\/jpeg","filesize":7125,"source_url":"https:\/\/www.healthcharities.ca\/wp-content\/uploads\/2024\/05\/HCCC_Infographic_2017_EN_613x793-150x150.jpg"}},"image_meta":{"aperture":"0","credit":"","camera":"","caption":"","created_timestamp":"0","copyright":"","focal_length":"0","iso":"0","shutter_speed":"0","title":"","orientation":"0","keywords":[]}},"post":595,"source_url":"https:\/\/www.healthcharities.ca\/wp-content\/uploads\/2024\/05\/HCCC_Infographic_2017_EN_613x793.jpg"},"acf":[],"_links":{"self":[{"href":"https:\/\/www.healthcharities.ca\/fr\/wp-json\/wp\/v2\/pages\/595","targetHints":{"allow":["GET"]}}],"collection":[{"href":"https:\/\/www.healthcharities.ca\/fr\/wp-json\/wp\/v2\/pages"}],"about":[{"href":"https:\/\/www.healthcharities.ca\/fr\/wp-json\/wp\/v2\/types\/page"}],"author":[{"embeddable":true,"href":"https:\/\/www.healthcharities.ca\/fr\/wp-json\/wp\/v2\/users\/1"}],"replies":[{"embeddable":true,"href":"https:\/\/www.healthcharities.ca\/fr\/wp-json\/wp\/v2\/comments?post=595"}],"version-history":[{"count":8,"href":"https:\/\/www.healthcharities.ca\/fr\/wp-json\/wp\/v2\/pages\/595\/revisions"}],"predecessor-version":[{"id":1349,"href":"https:\/\/www.healthcharities.ca\/fr\/wp-json\/wp\/v2\/pages\/595\/revisions\/1349"}],"up":[{"embeddable":true,"href":"https:\/\/www.healthcharities.ca\/fr\/wp-json\/wp\/v2\/pages\/677"}],"wp:featuredmedia":[{"embeddable":true,"href":"https:\/\/www.healthcharities.ca\/fr\/wp-json\/wp\/v2\/media\/431"}],"wp:attachment":[{"href":"https:\/\/www.healthcharities.ca\/fr\/wp-json\/wp\/v2\/media?parent=595"}],"curies":[{"name":"wp","href":"https:\/\/api.w.org\/{rel}","templated":true}]}}