{"id":601,"date":"2024-05-22T17:12:36","date_gmt":"2024-05-22T21:12:36","guid":{"rendered":"https:\/\/hcc-03.eproofs.ca\/?page_id=601"},"modified":"2024-06-05T11:20:51","modified_gmt":"2024-06-05T15:20:51","slug":"privacy-policy-politique-de-confidentialite","status":"publish","type":"page","link":"https:\/\/www.healthcharities.ca\/fr\/privacy-policy-politique-de-confidentialite\/","title":{"rendered":"Politique de confidentialit\u00e9"},"content":{"rendered":"\n<div class=\"wp-block-group is-layout-constrained wp-block-group-is-layout-constrained\">\n<p>Merci de consulter le site web de la Coalition canadienne des organismes de bienfaisance en sant\u00e9 et de lire notre politique de confidentialit\u00e9. En visitant ce site web, vous acceptez les pratiques d\u00e9crites dans cet avis de confidentialit\u00e9.<\/p>\n\n\n\n<p>La Coalition canadienne des organismes de bienfaisance en sant\u00e9 se r\u00e9serve le droit de modifier cette politique \u00e0 n\u2019importe quel moment, et s\u2019engage \u00e0 la garder \u00e0 jour sur son site web.<\/p>\n<\/div>\n\n\n\n<div class=\"wp-block-group is-layout-constrained wp-block-group-is-layout-constrained\">\n<h2 class=\"wp-block-heading\">Protection de vos renseignements personnels<\/h2>\n\n\n\n<p>1. La Coalition canadienne des organismes de bienfaisance en sant\u00e9 ne recueille des renseignements personnels que lorsque vous les lui fournissez de votre plein gr\u00e9, par exemple en remplissant un formulaire ou en r\u00e9pondant \u00e0 une enqu\u00eate.<\/p>\n\n\n\n<p>2. La Coalition canadienne des organismes de bienfaisance en sant\u00e9 ne vend ni ne pr\u00eate de renseignements personnels \u00e0 des tiers \u00e0 des fins de marketing.<\/p>\n\n\n\n<p>3. Nous pouvons recueillir des donn\u00e9es sur la fr\u00e9quentation de notre site web afin de pouvoir continuer de l\u2019am\u00e9liorer pour mieux r\u00e9pondre \u00e0 vos besoins. Aucun renseignement personnel n\u2019est ainsi recueilli, quoique nous pouvons conserver des donn\u00e9es sur votre fr\u00e9quentation, par exemple :<\/p>\n\n\n\n<ul class=\"wp-block-list\">\n<li>le nom de votre fournisseur Internet, son adresse IP et le type de service;<\/li>\n\n\n\n<li>la dur\u00e9e de chaque visite;<\/li>\n\n\n\n<li>le nombre de demandes de renseignements formul\u00e9es par visite :<\/li>\n\n\n\n<li>le syst\u00e8me d\u2019exploitation (Windows, MacIntosh, Unix, etc.) que vous utilisez;<\/li>\n\n\n\n<li>le type de navigateur (Firefox, Internet Explorer, etc.) que vous employez.<\/li>\n<\/ul>\n\n\n\n<p>4. Les Canadiens sont prot\u00e9g\u00e9s par les deux lois f\u00e9d\u00e9rales suivantes en mati\u00e8re de protection des renseignements personnels : la Loi sur la protection des renseignements personnels et la Loi sur la protection des renseignements personnels et les documents \u00e9lectroniques (LPRPDE). La LPRPDE se fonde sur le Code type sur la protection des renseignements personnels de la CSA, qui y est incorpor\u00e9. Au Qu\u00e9bec, les organismes sont assujettis \u00e0 la Loi sur la protection des renseignements personnels dans le secteur priv\u00e9. La Commission d\u2019acc\u00e8s \u00e0 l\u2019information veille \u00e0 l\u2019application de cette loi.<\/p>\n<\/div>\n\n\n\n<div class=\"wp-block-group is-layout-constrained wp-block-group-is-layout-constrained\">\n<h2 class=\"wp-block-heading\">Pourriel<\/h2>\n\n\n\n<p>Vous ne recevrez pas de courriels de marketing de la Coalition \u00e0 moins d\u2019y avoir consenti.<\/p>\n<\/div>\n","protected":false},"excerpt":{"rendered":"<p>Merci de consulter le site web de la Coalition canadienne des organismes de bienfaisance en sant\u00e9 et de lire notre politique de confidentialit\u00e9. En visitant ce site web, vous acceptez les pratiques d\u00e9crites dans cet avis de confidentialit\u00e9. La Coalition canadienne des organismes de bienfaisance en sant\u00e9 se r\u00e9serve le droit de modifier cette politique [&hellip;]<\/p>\n","protected":false},"author":1,"featured_media":0,"parent":0,"menu_order":0,"comment_status":"closed","ping_status":"closed","template":"","meta":{"_acf_changed":false,"footnotes":""},"class_list":["post-601","page","type-page","status-publish","hentry"],"better_featured_image":null,"acf":[],"_links":{"self":[{"href":"https:\/\/www.healthcharities.ca\/fr\/wp-json\/wp\/v2\/pages\/601","targetHints":{"allow":["GET"]}}],"collection":[{"href":"https:\/\/www.healthcharities.ca\/fr\/wp-json\/wp\/v2\/pages"}],"about":[{"href":"https:\/\/www.healthcharities.ca\/fr\/wp-json\/wp\/v2\/types\/page"}],"author":[{"embeddable":true,"href":"https:\/\/www.healthcharities.ca\/fr\/wp-json\/wp\/v2\/users\/1"}],"replies":[{"embeddable":true,"href":"https:\/\/www.healthcharities.ca\/fr\/wp-json\/wp\/v2\/comments?post=601"}],"version-history":[{"count":1,"href":"https:\/\/www.healthcharities.ca\/fr\/wp-json\/wp\/v2\/pages\/601\/revisions"}],"predecessor-version":[{"id":602,"href":"https:\/\/www.healthcharities.ca\/fr\/wp-json\/wp\/v2\/pages\/601\/revisions\/602"}],"wp:attachment":[{"href":"https:\/\/www.healthcharities.ca\/fr\/wp-json\/wp\/v2\/media?parent=601"}],"curies":[{"name":"wp","href":"https:\/\/api.w.org\/{rel}","templated":true}]}}