{"id":606,"date":"2024-06-05T11:29:51","date_gmt":"2024-06-05T15:29:51","guid":{"rendered":"https:\/\/hcc-03.eproofs.ca\/?page_id=606"},"modified":"2024-06-20T15:19:50","modified_gmt":"2024-06-20T19:19:50","slug":"membership-criteria-criteres-dadhesion","status":"publish","type":"page","link":"https:\/\/www.healthcharities.ca\/fr\/membership-adhesion\/membership-criteria-criteres-dadhesion\/","title":{"rendered":"Crit\u00e8res d\u2019adh\u00e9sion"},"content":{"rendered":"\n<div class=\"wp-block-group alignfull is-style-thin is-layout-constrained wp-block-group-is-layout-constrained\">\n<h2 class=\"wp-block-heading\">Crit\u00e8res d&rsquo;adh\u00e9sion au CCOBS<\/h2>\n\n\n\n<p>La Coalition canadienne des organismes de bienfaisance en sant\u00e9 est un organisme ax\u00e9 sur ses membres qui s\u2019est engag\u00e9 \u00e0 militer pour de saines politiques publiques en mati\u00e8re de sant\u00e9 et pour de la recherche en sant\u00e9 de la meilleure qualit\u00e9. Nous visons l\u2019excellence en ce qui concerne les politiques de sant\u00e9, et militons pour que le gouvernement f\u00e9d\u00e9ral et les d\u00e9cideurs fassent appel \u00e0 la Coalition et \u00e0 ses membres pour obtenir orientations et leadership sur les importants enjeux qui affectent les Canadiennes et Canadiens. Nous cherchons en outre \u00e0 faire reconna\u00eetre la comp\u00e9tence et le d\u00e9vouement des organismes de bienfaisance en sant\u00e9 et leur contribution \u00e0 l\u2019am\u00e9lioration de la sant\u00e9 et du bien-\u00eatre de toute la population canadienne.<\/p>\n<\/div>\n\n\n\n<div class=\"wp-block-group alignfull is-style-thin is-layout-constrained wp-block-group-is-layout-constrained\">\n<h2 class=\"wp-block-heading\">Crit\u00e8res d\u2019adh\u00e9sion<\/h2>\n\n\n\n<p>Un organisme doit respecter les crit\u00e8res suivants pour pouvoir devenir membre de la Coalition canadienne des organismes de bienfaisance en sant\u00e9. L\u2019organisme doit :<\/p>\n\n\n\n<ol class=\"wp-block-list\">\n<li>avoir le statut d\u2019organisme de bienfaisance enregistr\u00e9 en r\u00e8gle;<\/li>\n\n\n\n<li>\u00eatre un organisme <strong><em>national<\/em><\/strong> de bienfaisance en sant\u00e9;<\/li>\n\n\n\n<li>offrir ses services aux Canadiens et Canadiennes de toutes les provinces et de tous les territoires;<\/li>\n\n\n\n<li>offrir ses services aux r\u00e9sidants du Canada dans les deux langues officielles;<\/li>\n\n\n\n<li>axer sa mission sur l\u2019am\u00e9lioration de la sant\u00e9, plus particuli\u00e8rement dans les domaines de la recherche en sant\u00e9 et des politiques publiques en mati\u00e8re de sant\u00e9 (les domaines d\u2019action prioritaires de la Coalition).<\/li>\n<\/ol>\n<\/div>\n\n\n\n<div class=\"wp-block-group alignfull is-style-thin is-layout-constrained wp-block-group-is-layout-constrained\">\n<h2 class=\"wp-block-heading\">Obligations des membres<\/h2>\n\n\n\n<ul class=\"wp-block-list\">\n<li>Participer aux activit\u00e9s de r\u00e9seautage de la Coalition, comme assister aux forums des PDG, aux tables rondes mensuelles et aux activit\u00e9s de d\u00e9fense des int\u00e9r\u00eats.<\/li>\n\n\n\n<li>Fournir des services en nature pour soutenir les activit\u00e9s de la Coalition.<\/li>\n\n\n\n<li>Verser la cotisation annuelle telle qu\u2019\u00e9tablie dans la politique sur les ressources de la Coalition.<br>*On s\u2019attend, en principe, \u00e0 ce que les organismes membres offrent un appui \u00ab EN NATURE \u00bb en plus de verser leur cotisation. Cela procure \u00e0 la Coalition les effectifs et l\u2019expertise dont elle a besoin pour travailler \u00e0 la r\u00e9alisation de ses priorit\u00e9s. On s\u2019attend donc \u00e0 ce que les membres r\u00e9pondent de leur mieux aux demandes de soutien lorsque possible (p. ex., participation aux \u00e9quipes de projet, aux comit\u00e9s, groupes de travail, etc.).<\/li>\n\n\n\n<li>S\u2019engager \u00e0 rester membre de la Coalition pendant au moins 2 ans afin de contribuer \u00e0 sa viabilit\u00e9 financi\u00e8re.<\/li>\n\n\n\n<li>Voir la politique sur les frais indirects de la recherche de la Coalition canadienne des organismes de bienfaisance en sant\u00e9. [ADD LINK]<\/li>\n<\/ul>\n<\/div>\n\n\n\n<div class=\"wp-block-group alignfull is-style-thin is-layout-constrained wp-block-group-is-layout-constrained\">\n<h2 class=\"wp-block-heading\">Cotisations des membres<\/h2>\n\n\n\n<figure class=\"wp-block-table\"><table class=\"mtr-table mtr-tr-td\"><tbody><tr><td class=\"has-text-align-center mtr-td-tag\" data-align=\"center\" data-mtr-content=\"Niveau\"><div class=\"mtr-cell-content\"><strong>Niveau<\/strong><\/div><\/td><td class=\"has-text-align-center mtr-td-tag\" data-align=\"center\" data-mtr-content=\"Cotisation\"><div class=\"mtr-cell-content\"><strong>Cotisation<\/strong><\/div><\/td><td class=\"has-text-align-center mtr-td-tag\" data-align=\"center\" data-mtr-content=\"Revenus annuels\"><div class=\"mtr-cell-content\"><strong>Revenus annuels<\/strong><\/div><\/td><\/tr><tr><td class=\"has-text-align-center mtr-td-tag\" data-align=\"center\" data-mtr-content=\"Niveau\"><div class=\"mtr-cell-content\">1<\/div><\/td><td class=\"has-text-align-center mtr-td-tag\" data-align=\"center\" data-mtr-content=\"Cotisation\"><div class=\"mtr-cell-content\">$22,000<\/div><\/td><td class=\"has-text-align-center mtr-td-tag\" data-align=\"center\" data-mtr-content=\"Revenus annuels\"><div class=\"mtr-cell-content\">124 M$ ou plus<\/div><\/td><\/tr><tr><td class=\"has-text-align-center mtr-td-tag\" data-align=\"center\" data-mtr-content=\"Niveau\"><div class=\"mtr-cell-content\">2<\/div><\/td><td class=\"has-text-align-center mtr-td-tag\" data-align=\"center\" data-mtr-content=\"Cotisation\"><div class=\"mtr-cell-content\">$19,250<\/div><\/td><td class=\"has-text-align-center mtr-td-tag\" data-align=\"center\" data-mtr-content=\"Revenus annuels\"><div class=\"mtr-cell-content\">64 M$ \u00e0 123 999 999 $<\/div><\/td><\/tr><tr><td class=\"has-text-align-center mtr-td-tag\" data-align=\"center\" data-mtr-content=\"Niveau\"><div class=\"mtr-cell-content\">3<\/div><\/td><td class=\"has-text-align-center mtr-td-tag\" data-align=\"center\" data-mtr-content=\"Cotisation\"><div class=\"mtr-cell-content\">$16,500<\/div><\/td><td class=\"has-text-align-center mtr-td-tag\" data-align=\"center\" data-mtr-content=\"Revenus annuels\"><div class=\"mtr-cell-content\">32 M$ \u00e0 63 999 999 $<\/div><\/td><\/tr><tr><td class=\"has-text-align-center mtr-td-tag\" data-align=\"center\" data-mtr-content=\"Niveau\"><div class=\"mtr-cell-content\">4<\/div><\/td><td class=\"has-text-align-center mtr-td-tag\" data-align=\"center\" data-mtr-content=\"Cotisation\"><div class=\"mtr-cell-content\">$13,750<\/div><\/td><td class=\"has-text-align-center mtr-td-tag\" data-align=\"center\" data-mtr-content=\"Revenus annuels\"><div class=\"mtr-cell-content\">16 M$ \u00e0 31 999 999 $<\/div><\/td><\/tr><tr><td class=\"has-text-align-center mtr-td-tag\" data-align=\"center\" data-mtr-content=\"Niveau\"><div class=\"mtr-cell-content\">5<\/div><\/td><td class=\"has-text-align-center mtr-td-tag\" data-align=\"center\" data-mtr-content=\"Cotisation\"><div class=\"mtr-cell-content\">$11,000<\/div><\/td><td class=\"has-text-align-center mtr-td-tag\" data-align=\"center\" data-mtr-content=\"Revenus annuels\"><div class=\"mtr-cell-content\">8 M$ \u00e0 15 999 999 $<\/div><\/td><\/tr><tr><td class=\"has-text-align-center mtr-td-tag\" data-align=\"center\" data-mtr-content=\"Niveau\"><div class=\"mtr-cell-content\">6<\/div><\/td><td class=\"has-text-align-center mtr-td-tag\" data-align=\"center\" data-mtr-content=\"Cotisation\"><div class=\"mtr-cell-content\">$ 8,250<\/div><\/td><td class=\"has-text-align-center mtr-td-tag\" data-align=\"center\" data-mtr-content=\"Revenus annuels\"><div class=\"mtr-cell-content\">4 M$ \u00e0 7 999 999 $<\/div><\/td><\/tr><tr><td class=\"has-text-align-center mtr-td-tag\" data-align=\"center\" data-mtr-content=\"Niveau\"><div class=\"mtr-cell-content\">7<\/div><\/td><td class=\"has-text-align-center mtr-td-tag\" data-align=\"center\" data-mtr-content=\"Cotisation\"><div class=\"mtr-cell-content\">$ 5,500<\/div><\/td><td class=\"has-text-align-center mtr-td-tag\" data-align=\"center\" data-mtr-content=\"Revenus annuels\"><div class=\"mtr-cell-content\">2 M$ \u00e0 3 999 999 $<\/div><\/td><\/tr><tr><td class=\"has-text-align-center mtr-td-tag\" data-align=\"center\" data-mtr-content=\"Niveau\"><div class=\"mtr-cell-content\">8<\/div><\/td><td class=\"has-text-align-center mtr-td-tag\" data-align=\"center\" data-mtr-content=\"Cotisation\"><div class=\"mtr-cell-content\">$ 2,750<\/div><\/td><td class=\"has-text-align-center mtr-td-tag\" data-align=\"center\" data-mtr-content=\"Revenus annuels\"><div class=\"mtr-cell-content\">1 M$ \u00e0 1 999 999 $<\/div><\/td><\/tr><tr><td class=\"has-text-align-center mtr-td-tag\" data-align=\"center\" data-mtr-content=\"Niveau\"><div class=\"mtr-cell-content\">9<\/div><\/td><td class=\"has-text-align-center mtr-td-tag\" data-align=\"center\" data-mtr-content=\"Cotisation\"><div class=\"mtr-cell-content\">$ 1,320<\/div><\/td><td class=\"has-text-align-center mtr-td-tag\" data-align=\"center\" data-mtr-content=\"Revenus annuels\"><div class=\"mtr-cell-content\">999 999 $ ou moins<\/div><\/td><\/tr><\/tbody><\/table><\/figure>\n\n\n\n<p>Pour obtenir un formulaire d\u2019adh\u00e9sion, pri\u00e8re d\u2019\u00e9crire \u00e0 <a href=\"mailto:info@healthcharities.ca\">info@healthcharities.ca<\/a>.<\/p>\n<\/div>\n","protected":false},"excerpt":{"rendered":"<p>Crit\u00e8res d&rsquo;adh\u00e9sion au CCOBS La Coalition canadienne des organismes de bienfaisance en sant\u00e9 est un organisme ax\u00e9 sur ses membres qui s\u2019est engag\u00e9 \u00e0 militer pour de saines politiques publiques en mati\u00e8re de sant\u00e9 et pour de la recherche en sant\u00e9 de la meilleure qualit\u00e9. Nous visons l\u2019excellence en ce qui concerne les politiques de [&hellip;]<\/p>\n","protected":false},"author":1,"featured_media":0,"parent":677,"menu_order":0,"comment_status":"closed","ping_status":"closed","template":"","meta":{"_acf_changed":false,"footnotes":""},"class_list":["post-606","page","type-page","status-publish","hentry"],"better_featured_image":null,"acf":[],"_links":{"self":[{"href":"https:\/\/www.healthcharities.ca\/fr\/wp-json\/wp\/v2\/pages\/606","targetHints":{"allow":["GET"]}}],"collection":[{"href":"https:\/\/www.healthcharities.ca\/fr\/wp-json\/wp\/v2\/pages"}],"about":[{"href":"https:\/\/www.healthcharities.ca\/fr\/wp-json\/wp\/v2\/types\/page"}],"author":[{"embeddable":true,"href":"https:\/\/www.healthcharities.ca\/fr\/wp-json\/wp\/v2\/users\/1"}],"replies":[{"embeddable":true,"href":"https:\/\/www.healthcharities.ca\/fr\/wp-json\/wp\/v2\/comments?post=606"}],"version-history":[{"count":3,"href":"https:\/\/www.healthcharities.ca\/fr\/wp-json\/wp\/v2\/pages\/606\/revisions"}],"predecessor-version":[{"id":1241,"href":"https:\/\/www.healthcharities.ca\/fr\/wp-json\/wp\/v2\/pages\/606\/revisions\/1241"}],"up":[{"embeddable":true,"href":"https:\/\/www.healthcharities.ca\/fr\/wp-json\/wp\/v2\/pages\/677"}],"wp:attachment":[{"href":"https:\/\/www.healthcharities.ca\/fr\/wp-json\/wp\/v2\/media?parent=606"}],"curies":[{"name":"wp","href":"https:\/\/api.w.org\/{rel}","templated":true}]}}