{"id":618,"date":"2024-06-05T11:44:46","date_gmt":"2024-06-05T15:44:46","guid":{"rendered":"https:\/\/hcc-03.eproofs.ca\/?page_id=618"},"modified":"2024-07-15T11:56:36","modified_gmt":"2024-07-15T15:56:36","slug":"testimonials-temoignages-des-membres","status":"publish","type":"page","link":"https:\/\/www.healthcharities.ca\/fr\/membership-adhesion\/testimonials-temoignages-des-membres\/","title":{"rendered":"T\u00e9moignages de membres"},"content":{"rendered":"\n<h2 class=\"wp-block-heading\">Faire partie de la Coalition canadienne des organismes de bienfaisance en sant\u00e9 est important pour nos membres. Voici ce qu\u2019ils en disent.<\/h2>\n\n\n\n<div class=\"wp-block-group alignfull is-style-thin is-layout-constrained wp-block-group-is-layout-constrained\">\n<blockquote class=\"wp-block-quote is-layout-flow wp-block-quote-is-layout-flow\">\n<p>La Coalition joue un r\u00f4le important en ralliant les organismes de bienfaisance dans le domaine de la sant\u00e9 pour militer en faveur de r\u00e8glements, de lois et de programmes f\u00e9d\u00e9raux qui profitent \u00e0 l\u2019ensemble du secteur de la bienfaisance en sant\u00e9. Il serait difficile pour les organismes caritatifs de faire ce travail seuls. C\u2019est pourquoi la Coalition est un joueur cl\u00e9 dans la promotion de notre voix collective aupr\u00e8s du gouvernement f\u00e9d\u00e9ral.<\/p>\n<cite>Doug Roth<br>PDG, C\u0153ur + AVC<\/cite><\/blockquote>\n\n\n\n<blockquote class=\"wp-block-quote is-layout-flow wp-block-quote-is-layout-flow\">\n<p>Bien que L\u00e9sion c\u00e9r\u00e9brale Canada fasse partie de la Coalition canadienne des organismes de bienfaisance en sant\u00e9 depuis peu, notre premi\u00e8re ann\u00e9e a d\u00e9j\u00e0 donn\u00e9 lieu \u00e0 des avantages consid\u00e9rables. En tant que petit organisme en pleine croissance, nous appr\u00e9cions grandement les occasions de partage de ressources, de r\u00e9seautage et d\u2019action militante collective sur des pr\u00e9occupations et enjeux communs.<\/p>\n<cite>Michelle McDonald<br>PDG, L\u00e9sion c\u00e9r\u00e9brale Canada<\/cite><\/blockquote>\n\n\n\n<blockquote class=\"wp-block-quote is-layout-flow wp-block-quote-is-layout-flow\">\n<p>La Soci\u00e9t\u00e9 canadienne de la SLA accorde une grande valeur \u00e0 son adh\u00e9sion \u00e0 la Coalition canadienne des organismes de bienfaisance en sant\u00e9. La Coalition fournit de l\u2019information bidirectionnelle \u2013 elle informe ses membres sur l\u2019\u00e9volution des enjeux auxquels est confront\u00e9 le secteur des organismes de bienfaisance en sant\u00e9, tout en faisant valoir nos pr\u00e9occupations communes et en militant en faveur de notre cause afin d\u2019en informer les d\u00e9cideurs. La Coalition favorise une culture unique de collaboration entre les membres en procurant une tribune efficace et fort appr\u00e9ci\u00e9e pour apprendre et \u00e9changer de l\u2019information, ce qui permet d\u2019\u00e9conomiser des ressources et du temps pr\u00e9cieux.<\/p>\n<cite>Tammy Moore<br>pr\u00e9sidente-directrice g\u00e9n\u00e9rale, Soci\u00e9t\u00e9 canadienne de la SLA<\/cite><\/blockquote>\n<\/div>\n","protected":false},"excerpt":{"rendered":"<p>Faire partie de la Coalition canadienne des organismes de bienfaisance en sant\u00e9 est important pour nos membres. Voici ce qu\u2019ils en disent. La Coalition joue un r\u00f4le important en ralliant les organismes de bienfaisance dans le domaine de la sant\u00e9 pour militer en faveur de r\u00e8glements, de lois et de programmes f\u00e9d\u00e9raux qui profitent \u00e0 [&hellip;]<\/p>\n","protected":false},"author":1,"featured_media":0,"parent":677,"menu_order":0,"comment_status":"closed","ping_status":"closed","template":"","meta":{"_acf_changed":false,"footnotes":""},"class_list":["post-618","page","type-page","status-publish","hentry"],"better_featured_image":null,"acf":[],"_links":{"self":[{"href":"https:\/\/www.healthcharities.ca\/fr\/wp-json\/wp\/v2\/pages\/618","targetHints":{"allow":["GET"]}}],"collection":[{"href":"https:\/\/www.healthcharities.ca\/fr\/wp-json\/wp\/v2\/pages"}],"about":[{"href":"https:\/\/www.healthcharities.ca\/fr\/wp-json\/wp\/v2\/types\/page"}],"author":[{"embeddable":true,"href":"https:\/\/www.healthcharities.ca\/fr\/wp-json\/wp\/v2\/users\/1"}],"replies":[{"embeddable":true,"href":"https:\/\/www.healthcharities.ca\/fr\/wp-json\/wp\/v2\/comments?post=618"}],"version-history":[{"count":4,"href":"https:\/\/www.healthcharities.ca\/fr\/wp-json\/wp\/v2\/pages\/618\/revisions"}],"predecessor-version":[{"id":1400,"href":"https:\/\/www.healthcharities.ca\/fr\/wp-json\/wp\/v2\/pages\/618\/revisions\/1400"}],"up":[{"embeddable":true,"href":"https:\/\/www.healthcharities.ca\/fr\/wp-json\/wp\/v2\/pages\/677"}],"wp:attachment":[{"href":"https:\/\/www.healthcharities.ca\/fr\/wp-json\/wp\/v2\/media?parent=618"}],"curies":[{"name":"wp","href":"https:\/\/api.w.org\/{rel}","templated":true}]}}