{"id":622,"date":"2024-06-05T11:53:45","date_gmt":"2024-06-05T15:53:45","guid":{"rendered":"https:\/\/hcc-03.eproofs.ca\/?page_id=622"},"modified":"2024-06-05T11:54:51","modified_gmt":"2024-06-05T15:54:51","slug":"advocacy-defense-des-interets","status":"publish","type":"page","link":"https:\/\/www.healthcharities.ca\/fr\/advocacy-defense-des-interets\/","title":{"rendered":"D\u00e9fense des int\u00e9r\u00eats"},"content":{"rendered":"\n<div class=\"wp-block-group is-layout-constrained wp-block-group-is-layout-constrained\">\n<p>La Coalition canadienne des organismes de bienfaisance en sant\u00e9 fait entendre sa voix sur les questions li\u00e9es \u00e0 la recherche en sant\u00e9 et sur les questions de politiques publiques en mati\u00e8re de sant\u00e9 pr\u00e9sentant un int\u00e9r\u00eat pour nos organismes membres.<br><br>Notre travail collectif a conduit \u00e0 la modification de politiques publiques au niveau f\u00e9d\u00e9ral afin de mieux soutenir les soignants, ce qui a une incidence positive sur les patients et les familles.<br><br>Depuis de nombreuses ann\u00e9es, nous faisons entendre une voix forte, collective et coh\u00e9rente et militons avec succ\u00e8s pour l\u2019augmentation des investissements dans la recherche en sant\u00e9, particuli\u00e8rement en ce qui concerne les Instituts de recherche en sant\u00e9 du Canada (IRSC). En plus de cette action militante, les organismes nationaux de bienfaisance en sant\u00e9 qui sont membres de la Coalition collaborent directement avec les IRSC pour financer les meilleurs travaux scientifiques.<br><br>Nous continuons d\u2019axer nos activit\u00e9s sur ces domaines, tout en nous employant \u00e0 am\u00e9liorer l\u2019acc\u00e8s aux traitements, en partant du principe que les Canadiens et Canadiennes devraient recevoir les bons traitements au bon moment, et pour les bonnes raisons \u2013 ind\u00e9pendamment de leur lieu de r\u00e9sidence au pays.<\/p>\n<\/div>\n","protected":false},"excerpt":{"rendered":"<p>La Coalition canadienne des organismes de bienfaisance en sant\u00e9 fait entendre sa voix sur les questions li\u00e9es \u00e0 la recherche en sant\u00e9 et sur les questions de politiques publiques en mati\u00e8re de sant\u00e9 pr\u00e9sentant un int\u00e9r\u00eat pour nos organismes membres. Notre travail collectif a conduit \u00e0 la modification de politiques publiques au niveau f\u00e9d\u00e9ral afin [&hellip;]<\/p>\n","protected":false},"author":1,"featured_media":0,"parent":0,"menu_order":0,"comment_status":"closed","ping_status":"closed","template":"","meta":{"_acf_changed":false,"footnotes":""},"class_list":["post-622","page","type-page","status-publish","hentry"],"better_featured_image":null,"acf":[],"_links":{"self":[{"href":"https:\/\/www.healthcharities.ca\/fr\/wp-json\/wp\/v2\/pages\/622","targetHints":{"allow":["GET"]}}],"collection":[{"href":"https:\/\/www.healthcharities.ca\/fr\/wp-json\/wp\/v2\/pages"}],"about":[{"href":"https:\/\/www.healthcharities.ca\/fr\/wp-json\/wp\/v2\/types\/page"}],"author":[{"embeddable":true,"href":"https:\/\/www.healthcharities.ca\/fr\/wp-json\/wp\/v2\/users\/1"}],"replies":[{"embeddable":true,"href":"https:\/\/www.healthcharities.ca\/fr\/wp-json\/wp\/v2\/comments?post=622"}],"version-history":[{"count":1,"href":"https:\/\/www.healthcharities.ca\/fr\/wp-json\/wp\/v2\/pages\/622\/revisions"}],"predecessor-version":[{"id":623,"href":"https:\/\/www.healthcharities.ca\/fr\/wp-json\/wp\/v2\/pages\/622\/revisions\/623"}],"wp:attachment":[{"href":"https:\/\/www.healthcharities.ca\/fr\/wp-json\/wp\/v2\/media?parent=622"}],"curies":[{"name":"wp","href":"https:\/\/api.w.org\/{rel}","templated":true}]}}