{"id":630,"date":"2024-06-05T12:01:08","date_gmt":"2024-06-05T16:01:08","guid":{"rendered":"https:\/\/hcc-03.eproofs.ca\/?page_id=630"},"modified":"2024-07-17T10:56:02","modified_gmt":"2024-07-17T14:56:02","slug":"about-a-propos-de-la-ccobs","status":"publish","type":"page","link":"https:\/\/www.healthcharities.ca\/fr\/about-a-propos-de-la-ccobs\/","title":{"rendered":"\u00c0 propos de la CCOBS"},"content":{"rendered":"\n<div class=\"wp-block-media-text alignwide is-stacked-on-mobile is-image-fill is-style-smart-wide\"><figure class=\"wp-block-media-text__media\" style=\"background-image:url(https:\/\/www.healthcharities.ca\/wp-content\/uploads\/2024\/06\/family-medical-appointment-scaled-800.jpg);background-position:50% 50%\"><img loading=\"lazy\" decoding=\"async\" width=\"800\" height=\"533\" src=\"https:\/\/www.healthcharities.ca\/wp-content\/uploads\/2024\/06\/family-medical-appointment-scaled-800.jpg\" alt=\"A young Mother and her son visit the doctor together.  The baby boy is seated on the exam table with his mother seated in front of him and making sure he does not fall.  Their female doctor of Middle Eastern decent is seated in front of them and smiling as they talk.\" class=\"wp-image-903 size-full\" srcset=\"https:\/\/www.healthcharities.ca\/wp-content\/uploads\/2024\/06\/family-medical-appointment-scaled-800.jpg 800w, https:\/\/www.healthcharities.ca\/wp-content\/uploads\/2024\/06\/family-medical-appointment-scaled-800-300x200.jpg 300w\" sizes=\"auto, (max-width: 800px) 100vw, 800px\" \/><\/figure><div class=\"wp-block-media-text__content\">\n<h2 class=\"wp-block-heading\">Assurer un leadership pour de meilleurs r\u00e9sultats en mati\u00e8re de sant\u00e9<\/h2>\n\n\n\n<p class=\"has-theme-large-font-size\">La Coalition canadienne des organismes de bienfaisance en sant\u00e9 (CCOBS) est compos\u00e9e d\u2019organismes membres qui travaillent ensemble pour faire progresser des enjeux communs en mati\u00e8re de recherche et de politiques en sant\u00e9 afin d\u2019en venir \u00e0 de meilleurs r\u00e9sultats de sant\u00e9 pour la population.<\/p>\n<\/div><\/div>\n\n\n\n<div class=\"wp-block-group alignfull is-layout-constrained wp-block-group-is-layout-constrained\">\n<div class=\"wp-block-media-text alignfull has-media-on-the-right is-stacked-on-mobile is-image-fill\"><div class=\"wp-block-media-text__content\">\n<h2 class=\"wp-block-heading\">Ce qui nous unit<\/h2>\n\n\n\n<p>Gr\u00e2ce \u00e0 la Coalition, les organismes de bienfaisance en sant\u00e9 travaillent ensemble \u00e0 cerner les besoins des patients et cr\u00e9er des occasions pour am\u00e9liorer les r\u00e9sultats en mati\u00e8re de sant\u00e9 pour toute la population canadienne.<\/p>\n\n\n\n<p>Les membres de la Coalition accordent une grande valeur au pouvoir de l\u2019union pour surmonter des enjeux complexes qu\u2019ils ne pourraient pas aborder seuls.<\/p>\n\n\n\n<p>Nos membres collaborent pour comprendre les besoins r\u00e9els des patients, et fournissent le leadership n\u00e9cessaire pour combler ces besoins.<\/p>\n<\/div><figure class=\"wp-block-media-text__media\" style=\"background-image:url(https:\/\/www.healthcharities.ca\/wp-content\/uploads\/2024\/06\/group-of-diverse-occupations-people-banner-tall-1024x683.jpg);background-position:50% 50%\"><img loading=\"lazy\" decoding=\"async\" width=\"1024\" height=\"683\" src=\"https:\/\/www.healthcharities.ca\/wp-content\/uploads\/2024\/06\/group-of-diverse-occupations-people-banner-tall-1024x683.jpg\" alt=\"\" class=\"wp-image-1273 size-full\" srcset=\"https:\/\/www.healthcharities.ca\/wp-content\/uploads\/2024\/06\/group-of-diverse-occupations-people-banner-tall-1024x683.jpg 1024w, https:\/\/www.healthcharities.ca\/wp-content\/uploads\/2024\/06\/group-of-diverse-occupations-people-banner-tall-300x200.jpg 300w, https:\/\/www.healthcharities.ca\/wp-content\/uploads\/2024\/06\/group-of-diverse-occupations-people-banner-tall.jpg 1920w\" sizes=\"auto, (max-width: 1024px) 100vw, 1024px\" \/><\/figure><\/div>\n\n\n\n<div style=\"height:1.5em\" aria-hidden=\"true\" class=\"wp-block-spacer\"><\/div>\n\n\n\n<div class=\"wp-block-columns alignwide is-layout-flex wp-container-core-columns-is-layout-9d6595d7 wp-block-columns-is-layout-flex\">\n<div class=\"wp-block-column is-layout-flow wp-block-column-is-layout-flow\">\n<p>La Coalition est un organisme ax\u00e9 sur ses membres qui s\u2019est engag\u00e9 \u00e0 militer pour des politiques publiques en mati\u00e8re de sant\u00e9 fond\u00e9es sur des donn\u00e9es probantes et \u00e0 promouvoir les normes de recherche en sant\u00e9 les plus \u00e9lev\u00e9es. Nous visons l\u2019excellence en ce qui concerne les politiques de sant\u00e9, et militons pour que le gouvernement f\u00e9d\u00e9ral et les d\u00e9cideurs fassent appel \u00e0 la Coalition et \u00e0 ses membres pour obtenir orientations et leadership sur les importants enjeux qui affectent les Canadiennes et Canadiens. Nous cherchons en outre \u00e0 faire reconna\u00eetre la comp\u00e9tence et le d\u00e9vouement des organismes de bienfaisance en sant\u00e9 et leur contribution \u00e0 l\u2019am\u00e9lioration de la sant\u00e9 et du bien-\u00eatre de toute la population canadienne.<\/p>\n\n\n\n<p>En militant collectivement, nos membres sont en mesure de s\u2019attaquer \u00e0 des probl\u00e8mes qu\u2019ils ne pourraient pas aborder seuls.<\/p>\n\n\n\n<p>Bien que chacun de nos membres repr\u00e9sente des personnes vivant avec une maladie ou affection particuli\u00e8re, nous trouvons des solutions collectives qui am\u00e9liorent les r\u00e9sultats de sant\u00e9 pour toute la population canadienne.<\/p>\n<\/div>\n<\/div>\n<\/div>\n\n\n\n<div class=\"wp-block-media-text alignwide is-stacked-on-mobile has-theme-primary-background-color has-background\"><figure class=\"wp-block-media-text__media\"><img loading=\"lazy\" decoding=\"async\" width=\"800\" height=\"533\" src=\"https:\/\/www.healthcharities.ca\/wp-content\/uploads\/2024\/06\/top-view-group-of-young-doctors-is-working-togeth.jpg\" alt=\"\" class=\"wp-image-1285 size-full\" srcset=\"https:\/\/www.healthcharities.ca\/wp-content\/uploads\/2024\/06\/top-view-group-of-young-doctors-is-working-togeth.jpg 800w, https:\/\/www.healthcharities.ca\/wp-content\/uploads\/2024\/06\/top-view-group-of-young-doctors-is-working-togeth-300x200.jpg 300w\" sizes=\"auto, (max-width: 800px) 100vw, 800px\" \/><\/figure><div class=\"wp-block-media-text__content\">\n<h2 class=\"wp-block-heading\">La recherche est importante<\/h2>\n\n\n\n<p>En travaillant \u00e0 renforcer le paysage de la recherche en sant\u00e9 et \u00e0 traduire les r\u00e9sultats de la recherche en solutions concr\u00e8tes, nous assurons que tous les Canadiens et Canadiennes ont acc\u00e8s aux connaissances les plus fiables pour \u00e9clairer leurs d\u00e9cisions en mati\u00e8re de soins de sant\u00e9.<\/p>\n\n\n\n<p>Nous favorisons la collaboration entre les organismes de bienfaisance en sant\u00e9 au Canada afin de viser l\u2019excellence en mati\u00e8re de politiques, de pratique et de recherche, le tout pour en venir \u00e0 des changements durables qui am\u00e9liorent la sant\u00e9 et le bien-\u00eatre de toute la population canadienne.<\/p>\n<\/div><\/div>\n\n\n\n<div class=\"wp-block-group alignfull has-theme-dark-background-color has-background is-layout-constrained wp-block-group-is-layout-constrained\" id=\"plan-strategique\">\n<h2 class=\"wp-block-heading\">Plan strat\u00e9gique<\/h2>\n\n\n\n<figure class=\"wp-block-image size-full\"><img loading=\"lazy\" decoding=\"async\" width=\"615\" height=\"615\" src=\"https:\/\/www.healthcharities.ca\/wp-content\/uploads\/2024\/06\/hccc_2023strategicplan_peoplegraphic_615x615-1.jpg\" alt=\"\" class=\"wp-image-659\" srcset=\"https:\/\/www.healthcharities.ca\/wp-content\/uploads\/2024\/06\/hccc_2023strategicplan_peoplegraphic_615x615-1.jpg 615w, https:\/\/www.healthcharities.ca\/wp-content\/uploads\/2024\/06\/hccc_2023strategicplan_peoplegraphic_615x615-1-300x300.jpg 300w, https:\/\/www.healthcharities.ca\/wp-content\/uploads\/2024\/06\/hccc_2023strategicplan_peoplegraphic_615x615-1-150x150.jpg 150w\" sizes=\"auto, (max-width: 615px) 100vw, 615px\" \/><\/figure>\n\n\n\n<p><a href=\"https:\/\/www.healthcharities.ca\/wp-content\/uploads\/2024\/06\/hccc_strategicplan_strengtheningourpurpose_fr_final.pdf\">Cliquez ici pour en savoir plus sur le plan strat\u00e9gique de la CCOBS intitul\u00e9 Renforcer notre raison d\u2019\u00eatre.<\/a><\/p>\n<\/div>\n","protected":false},"excerpt":{"rendered":"<p>Assurer un leadership pour de meilleurs r\u00e9sultats en mati\u00e8re de sant\u00e9 La Coalition canadienne des organismes de bienfaisance en sant\u00e9 (CCOBS) est compos\u00e9e d\u2019organismes membres qui travaillent ensemble pour faire progresser des enjeux communs en mati\u00e8re de recherche et de politiques en sant\u00e9 afin d\u2019en venir \u00e0 de meilleurs r\u00e9sultats de sant\u00e9 pour la population. [&hellip;]<\/p>\n","protected":false},"author":1,"featured_media":0,"parent":0,"menu_order":0,"comment_status":"closed","ping_status":"closed","template":"","meta":{"_acf_changed":false,"footnotes":""},"class_list":["post-630","page","type-page","status-publish","hentry"],"better_featured_image":null,"acf":[],"_links":{"self":[{"href":"https:\/\/www.healthcharities.ca\/fr\/wp-json\/wp\/v2\/pages\/630","targetHints":{"allow":["GET"]}}],"collection":[{"href":"https:\/\/www.healthcharities.ca\/fr\/wp-json\/wp\/v2\/pages"}],"about":[{"href":"https:\/\/www.healthcharities.ca\/fr\/wp-json\/wp\/v2\/types\/page"}],"author":[{"embeddable":true,"href":"https:\/\/www.healthcharities.ca\/fr\/wp-json\/wp\/v2\/users\/1"}],"replies":[{"embeddable":true,"href":"https:\/\/www.healthcharities.ca\/fr\/wp-json\/wp\/v2\/comments?post=630"}],"version-history":[{"count":9,"href":"https:\/\/www.healthcharities.ca\/fr\/wp-json\/wp\/v2\/pages\/630\/revisions"}],"predecessor-version":[{"id":1406,"href":"https:\/\/www.healthcharities.ca\/fr\/wp-json\/wp\/v2\/pages\/630\/revisions\/1406"}],"wp:attachment":[{"href":"https:\/\/www.healthcharities.ca\/fr\/wp-json\/wp\/v2\/media?parent=630"}],"curies":[{"name":"wp","href":"https:\/\/api.w.org\/{rel}","templated":true}]}}