{"id":636,"date":"2024-06-05T12:10:56","date_gmt":"2024-06-05T16:10:56","guid":{"rendered":"https:\/\/hcc-03.eproofs.ca\/?page_id=636"},"modified":"2024-08-28T08:44:59","modified_gmt":"2024-08-28T12:44:59","slug":"funding-partner-les-partenaires-financiers","status":"publish","type":"page","link":"https:\/\/www.healthcharities.ca\/fr\/about-a-propos-de-la-ccobs\/funding-partner-les-partenaires-financiers\/","title":{"rendered":"Partenariats"},"content":{"rendered":"\n<div class=\"wp-block-media-text alignfull is-stacked-on-mobile is-image-fill is-style-smart-wide\"><figure class=\"wp-block-media-text__media\" style=\"background-image:url(https:\/\/www.healthcharities.ca\/wp-content\/uploads\/2024\/06\/cheerful-multiracial-woman-with-takeaway-drink-banner-tall-1024x683.jpg);background-position:50% 50%\"><img loading=\"lazy\" decoding=\"async\" width=\"1024\" height=\"683\" src=\"https:\/\/www.healthcharities.ca\/wp-content\/uploads\/2024\/06\/cheerful-multiracial-woman-with-takeaway-drink-banner-tall-1024x683.jpg\" alt=\"\" class=\"wp-image-1267 size-full\" srcset=\"https:\/\/www.healthcharities.ca\/wp-content\/uploads\/2024\/06\/cheerful-multiracial-woman-with-takeaway-drink-banner-tall-1024x683.jpg 1024w, https:\/\/www.healthcharities.ca\/wp-content\/uploads\/2024\/06\/cheerful-multiracial-woman-with-takeaway-drink-banner-tall-300x200.jpg 300w, https:\/\/www.healthcharities.ca\/wp-content\/uploads\/2024\/06\/cheerful-multiracial-woman-with-takeaway-drink-banner-tall.jpg 1920w\" sizes=\"auto, (max-width: 1024px) 100vw, 1024px\" \/><\/figure><div class=\"wp-block-media-text__content\">\n<p>Les organismes de bienfaisance en sant\u00e9 reconnaissent la valeur de relations de soutien efficaces dans leur poursuite de r\u00e9sultats positifs pour la population qu\u2019ils desservent. Les partenariats les plus significatifs sont ceux conclus en visant des buts communs, dont les responsabilit\u00e9s sont clairement d\u00e9finies, et qui s\u2019appuient sur un engagement \u00e0 am\u00e9liorer les r\u00e9sultats de sant\u00e9 des Canadiennes et Canadiens.<\/p>\n\n\n\n<p>La majeure partie du financement de la Coalition canadienne des organismes de bienfaisance en sant\u00e9 provient des frais d\u2019adh\u00e9sion de ses membres. Des partenariats strat\u00e9giques permettent en outre de solidifier les efforts collectifs d\u00e9ploy\u00e9s pour r\u00e9aliser la mission de la Coalition. Les contributions financi\u00e8res re\u00e7ues d\u2019entreprises priv\u00e9es doivent toutefois \u00eatre conformes aux lignes directrices de la CCOBS relatives aux donateurs.<\/p>\n<\/div><\/div>\n\n\n\n<div class=\"wp-block-group alignfull is-layout-constrained wp-block-group-is-layout-constrained\">\n<h2 class=\"wp-block-heading\">Partenaires financiers<\/h2>\n\n\n\n<p><em>Notre mission est de renforcer la voix des citoyens, des patients et des proches aidants du Canada en militant pour l\u2019am\u00e9lioration des politiques en mati\u00e8re de sant\u00e9 et l\u2019augmentation des investissements dans la recherche en sant\u00e9.<\/em><\/p>\n\n\n\n<p>La majeure partie du financement de la Coalition canadienne des organismes de bienfaisance en sant\u00e9 provient des frais d\u2019adh\u00e9sion de ses membres. La Coalition re\u00e7oit \u00e9galement des fonds du secteur priv\u00e9, en conformit\u00e9 avec ses strictes politiques. Les sommes raisonnables qui sont offertes par des organismes externes au cours d\u2019un exercice n\u2019influencent aucunement les buts et objectifs strat\u00e9giques de la Coalition, lesquels sont \u00e9tablis par le conseil d\u2019administration et approuv\u00e9s par l\u2019assembl\u00e9e des membres. Le conseil d\u2019administration est compos\u00e9 des hauts dirigeants des organismes membres de la Coalition.<\/p>\n\n\n\n<p>\u00c0 la CCOBS, nous renfor\u00e7ons la voix des citoyens, des patients et des proches aidants du Canada en militant pour le renforcement des politiques en mati\u00e8re de sant\u00e9 et l\u2019augmentation des investissements dans la recherche en sant\u00e9.<\/p>\n\n\n\n<p>En tant qu\u2019organisme ax\u00e9 sur ses membres, la Coalition s\u2019est profond\u00e9ment engag\u00e9e \u00e0 militer pour de solides politiques publiques en mati\u00e8re de sant\u00e9 et \u00e0 faire progresser la recherche de premier plan en sant\u00e9. Notre mission est de viser l\u2019excellence en mati\u00e8re de politiques de sant\u00e9 tout en assurant que le gouvernement f\u00e9d\u00e9ral et les d\u00e9cideurs fassent appel \u00e0 la Coalition et \u00e0 ses membres pour obtenir orientations et leadership sur les importants enjeux qui affectent les Canadiennes et Canadiens. Nous travaillons en outre \u00e0 faire reconna\u00eetre l\u2019expertise et le d\u00e9vouement des organismes de bienfaisance en sant\u00e9 et leur inestimable contribution \u00e0 l\u2019am\u00e9lioration de la sant\u00e9 et du bien-\u00eatre de toute la population canadienne.<\/p>\n\n\n\n<p>La Coalition canadienne des organismes de bienfaisance en sant\u00e9 a \u00e9t\u00e9 fond\u00e9e en 2000.<\/p>\n<\/div>\n\n\n\n<div class=\"wp-block-group alignfull is-layout-constrained wp-block-group-is-layout-constrained\">\n<div class=\"wp-block-media-text alignfull has-media-on-the-right is-stacked-on-mobile is-image-fill is-style-smart-wide\"><div class=\"wp-block-media-text__content\">\n<p>Les organismes nationaux de bienfaisance en sant\u00e9 jouent plusieurs r\u00f4les cl\u00e9s au sein du syst\u00e8me de sant\u00e9, notamment :<\/p>\n\n\n\n<ul class=\"wp-block-list\">\n<li>Ils cofinancent, avec le gouvernement, des travaux de recherche en sant\u00e9 de pointe parmi les plus importants \u00e0 l\u2019\u00e9chelle mondiale. Les membres de la Coalition financent \u00e0 eux seuls la recherche en sant\u00e9 et la formation des chercheurs en sant\u00e9 \u00e0 hauteur de plus de 155 millions de dollars par ann\u00e9e.<\/li>\n\n\n\n<li>Ils jouent un r\u00f4le de premier plan dans l\u2019adoption par la population de saines habitudes de vie afin de favoriser la pr\u00e9vention de la maladie, les diagnostics pr\u00e9coces, la bonne gestion de la maladie et la qualit\u00e9 de vie.<\/li>\n\n\n\n<li>Ils font partie d\u2019un vaste r\u00e9seau de services et de programmes pour soutenir les patients, les familles et les proches aidants.<\/li>\n\n\n\n<li>Ils traduisent les connaissances issues de la recherche pour am\u00e9liorer les politiques publiques et la sant\u00e9 des Canadiennes et Canadiens.<\/li>\n<\/ul>\n<\/div><figure class=\"wp-block-media-text__media\" style=\"background-image:url(https:\/\/www.healthcharities.ca\/wp-content\/uploads\/2024\/06\/blue-ocean-wave.jpg);background-position:50% 50%\"><img loading=\"lazy\" decoding=\"async\" width=\"800\" height=\"533\" src=\"https:\/\/www.healthcharities.ca\/wp-content\/uploads\/2024\/06\/blue-ocean-wave.jpg\" alt=\"\" class=\"wp-image-1259 size-full\" srcset=\"https:\/\/www.healthcharities.ca\/wp-content\/uploads\/2024\/06\/blue-ocean-wave.jpg 800w, https:\/\/www.healthcharities.ca\/wp-content\/uploads\/2024\/06\/blue-ocean-wave-300x200.jpg 300w\" sizes=\"auto, (max-width: 800px) 100vw, 800px\" \/><\/figure><\/div>\n<\/div>\n\n\n\n<div class=\"wp-block-media-text alignwide has-media-on-the-right is-stacked-on-mobile has-theme-dark-background-color has-background\"><div class=\"wp-block-media-text__content\">\n<p>Les Canadiens et Canadiennes font \u00e9norm\u00e9ment confiance aux organismes nationaux de bienfaisance en sant\u00e9. Les gens se tournent vers nous pour s\u2019informer, pour \u00eatre rassur\u00e9s, pour obtenir de l\u2019aide et pour profiter de notre leadership alors qu\u2019ils \u00e9voluent dans le syst\u00e8me de sant\u00e9. Les membres de la Coalition ne se contentent pas de combler les attentes \u2013 ils cherchent \u00e0 continuellement les d\u00e9passer.<\/p>\n\n\n\n<p><em>La Coalition travaille avec ses membres \u00e0 influencer les politiques nationales visant la sant\u00e9 et la recherche afin d\u2019am\u00e9liorer les soins de sant\u00e9 et les r\u00e9sultats de sant\u00e9 des patients et de leurs proches aidants.<\/em><\/p>\n<\/div><figure class=\"wp-block-media-text__media\"><img loading=\"lazy\" decoding=\"async\" width=\"800\" height=\"533\" src=\"https:\/\/www.healthcharities.ca\/wp-content\/uploads\/2024\/06\/a-young-woman-looking-out-from-the-window-drinking.jpg\" alt=\"\" class=\"wp-image-1257 size-full\" srcset=\"https:\/\/www.healthcharities.ca\/wp-content\/uploads\/2024\/06\/a-young-woman-looking-out-from-the-window-drinking.jpg 800w, https:\/\/www.healthcharities.ca\/wp-content\/uploads\/2024\/06\/a-young-woman-looking-out-from-the-window-drinking-300x200.jpg 300w\" sizes=\"auto, (max-width: 800px) 100vw, 800px\" \/><\/figure><\/div>\n\n\n\n<div class=\"wp-block-group alignfull is-layout-constrained wp-block-group-is-layout-constrained\">\n<h2 class=\"wp-block-heading\">Anciens partenaires financiers de la Coalition<\/h2>\n\n\n\n<h3 class=\"wp-block-heading\">La Coalition remercie M\u00e9dicaments novateurs Canada, son partenaire financier de 2020-2021<\/h3>\n\n\n\n<figure class=\"wp-block-image alignleft size-full\"><img loading=\"lazy\" decoding=\"async\" width=\"250\" height=\"92\" src=\"https:\/\/www.healthcharities.ca\/wp-content\/uploads\/2024\/06\/medicinescanada_fr_horiz_rgb_250x92.jpg\" alt=\"M\u00e9dicaments novateurs Canada Logo\" class=\"wp-image-959\"\/><\/figure>\n\n\n\n<p>M\u00e9dicaments novateurs Canada a contribu\u00e9 financi\u00e8rement \u00e0 la Coalition canadienne des organismes de bienfaisance en sant\u00e9, et ce, conform\u00e9ment \u00e0 sa politique stricte qui emp\u00eache tout donateur d\u2019exercer un contr\u00f4le ou une influence sur ses d\u00e9cisions. Cette politique est conforme aux principes d\u00e9ontologiques des entreprises de recherche pharmaceutique canadiennes, qui exigent que celles-ci assurent l\u2019ind\u00e9pendance et l\u2019int\u00e9grit\u00e9 des parties prenantes en ce qui concerne leur fonctionnement, leurs politiques et leurs activit\u00e9s.<\/p>\n\n\n\n<p><\/p>\n<\/div>\n","protected":false},"excerpt":{"rendered":"<p>Les organismes de bienfaisance en sant\u00e9 reconnaissent la valeur de relations de soutien efficaces dans leur poursuite de r\u00e9sultats positifs pour la population qu\u2019ils desservent. Les partenariats les plus significatifs sont ceux conclus en visant des buts communs, dont les responsabilit\u00e9s sont clairement d\u00e9finies, et qui s\u2019appuient sur un engagement \u00e0 am\u00e9liorer les r\u00e9sultats de [&hellip;]<\/p>\n","protected":false},"author":1,"featured_media":0,"parent":630,"menu_order":0,"comment_status":"closed","ping_status":"closed","template":"","meta":{"_acf_changed":false,"footnotes":""},"class_list":["post-636","page","type-page","status-publish","hentry"],"better_featured_image":null,"acf":[],"_links":{"self":[{"href":"https:\/\/www.healthcharities.ca\/fr\/wp-json\/wp\/v2\/pages\/636","targetHints":{"allow":["GET"]}}],"collection":[{"href":"https:\/\/www.healthcharities.ca\/fr\/wp-json\/wp\/v2\/pages"}],"about":[{"href":"https:\/\/www.healthcharities.ca\/fr\/wp-json\/wp\/v2\/types\/page"}],"author":[{"embeddable":true,"href":"https:\/\/www.healthcharities.ca\/fr\/wp-json\/wp\/v2\/users\/1"}],"replies":[{"embeddable":true,"href":"https:\/\/www.healthcharities.ca\/fr\/wp-json\/wp\/v2\/comments?post=636"}],"version-history":[{"count":15,"href":"https:\/\/www.healthcharities.ca\/fr\/wp-json\/wp\/v2\/pages\/636\/revisions"}],"predecessor-version":[{"id":1641,"href":"https:\/\/www.healthcharities.ca\/fr\/wp-json\/wp\/v2\/pages\/636\/revisions\/1641"}],"up":[{"embeddable":true,"href":"https:\/\/www.healthcharities.ca\/fr\/wp-json\/wp\/v2\/pages\/630"}],"wp:attachment":[{"href":"https:\/\/www.healthcharities.ca\/fr\/wp-json\/wp\/v2\/media?parent=636"}],"curies":[{"name":"wp","href":"https:\/\/api.w.org\/{rel}","templated":true}]}}