{"id":642,"date":"2024-05-22T17:12:36","date_gmt":"2024-05-22T21:12:36","guid":{"rendered":"https:\/\/hcc-03.eproofs.ca\/?page_id=642"},"modified":"2024-06-20T15:26:15","modified_gmt":"2024-06-20T19:26:15","slug":"history-historique-de-la-ccobs","status":"publish","type":"page","link":"https:\/\/www.healthcharities.ca\/fr\/about-a-propos-de-la-ccobs\/history-historique-de-la-ccobs\/","title":{"rendered":"Historique de la Coalition"},"content":{"rendered":"\n<div class=\"wp-block-group alignfull is-style-thin is-layout-constrained wp-block-group-is-layout-constrained\">\n<p>En avril 1998, une petite table ronde a r\u00e9uni d\u2019importants b\u00e9n\u00e9voles et employ\u00e9s d\u2019organismes nationaux de bienfaisance en sant\u00e9 et le ministre f\u00e9d\u00e9ral de la Sant\u00e9 de l\u2019\u00e9poque, l\u2019honorable Alan Rock. Cette r\u00e9union a fourni \u00e0 un petit sous-secteur l\u2019occasion de se rallier pour aborder ensemble des pr\u00e9occupations et int\u00e9r\u00eats communs d\u2019envergure.<\/p>\n\n\n\n<p>\u00c0 l\u2019\u00e9poque, les organismes caritatifs nationaux en sant\u00e9 se trouvaient \u00e0 un tournant d\u00e9cisif. Cela faisait un certain temps que plusieurs discutaient de la meilleure fa\u00e7on de se rallier pour affronter ensemble des enjeux d\u2019int\u00e9r\u00eat commun. Il fallait former une structure pour r\u00e9pondre \u00e0 ce besoin.<\/p>\n\n\n\n<p>Le secteur faisait bien entendre sa voix dans l\u2019\u00e9tablissement et la mise en \u0153uvre de politiques et de projets gouvernementaux et autres initiatives depuis longtemps, mais le moment \u00e9tait venu de faire entendre la voix des citoyens de partout au pays au niveau f\u00e9d\u00e9ral. Il importait de plus en plus que le secteur \u00e9labore de nouvelles m\u00e9thodes de collaboration. Sans coalition solide et efficace, une voix importante ne pourrait pas se faire entendre.<\/p>\n\n\n\n<p>Le ministre a exprim\u00e9 son soutien en faveur de la mise sur pied d\u2019un comit\u00e9 de liaison o\u00f9 ses hauts fonctionnaires pourraient rencontrer des repr\u00e9sentants des organismes de bienfaisance du secteur de la sant\u00e9. C\u2019est ainsi que le Regroupement des organisations nationales b\u00e9n\u00e9voles (ONB) a re\u00e7u une contribution financi\u00e8re de Sant\u00e9 Canada pour mettre sur pied un bureau sur les enjeux de sant\u00e9, dont le principal objectif consisterait \u00e0 travailler avec les organismes nationaux en sant\u00e9. La cr\u00e9ation \u00e9ventuelle d\u2019un conseil canadien des organismes de bienfaisance en sant\u00e9 \u00e9tait \u00e9tudi\u00e9e.<\/p>\n\n\n\n<p>Ce conseil allait permettre au secteur b\u00e9n\u00e9vole et communautaire dans son ensemble de s\u2019attaquer avec plus de coh\u00e9sion aux enjeux d\u2019int\u00e9r\u00eat commun et de mieux pr\u00e9senter publiquement et collectivement ses positions (aux joueurs politiques ainsi qu\u2019au gouvernement, aux autres coalitions, etc.).<\/p>\n\n\n\n<p>Le mod\u00e8le voulu \u00e9tait une coalition qui permettrait aux organismes nationaux de bienfaisance en sant\u00e9 de travailler ensemble.<\/p>\n\n\n\n<p>Les fonctions de la coalition \u00e9taient les suivantes :<\/p>\n\n\n\n<ul class=\"wp-block-list\">\n<li>servir de v\u00e9hicule de collaboration pour permettre aux organismes membres de s\u2019attaquer aux enjeux d\u2019int\u00e9r\u00eat commun;<\/li>\n\n\n\n<li>permettre aux organismes membres d\u2019accro\u00eetre leur capacit\u00e9 face aux divers enjeux;<\/li>\n\n\n\n<li>fournir aux organismes membres un porte-parole commun;<\/li>\n\n\n\n<li>jouer le r\u00f4le de ressource pour les organismes membres;<\/li>\n\n\n\n<li>favoriser le r\u00e9seautage;<\/li>\n\n\n\n<li>sensibiliser \u00e0 la contribution des organismes de bienfaisance en sant\u00e9 au tissu social du Canada;<\/li>\n\n\n\n<li>fournir un m\u00e9canisme de communication avec les sous-secteurs du secteur b\u00e9n\u00e9vole, le gouvernement et le secteur priv\u00e9 sur des questions d\u2019int\u00e9r\u00eat commun.<\/li>\n<\/ul>\n\n\n\n<p>Les repr\u00e9sentants des organismes nationaux de bienfaisance en sant\u00e9 se sont entendus sur la liste de leurs domaines d\u2019int\u00e9r\u00eat principaux :<\/p>\n\n\n\n<ul class=\"wp-block-list\">\n<li>la recherche en sant\u00e9;<\/li>\n\n\n\n<li>l\u2019information en mati\u00e8re de sant\u00e9;<\/li>\n\n\n\n<li>la surveillance;<\/li>\n\n\n\n<li>le soutien communautaire et aux patients.<\/li>\n<\/ul>\n\n\n\n<p>Aujourd\u2019hui, la Coalition canadienne des organismes de bienfaisance en sant\u00e9 continue d\u2019\u00e9voluer pour combler les besoins de ses membres. Nous agissons collectivement pour relever les d\u00e9fis et exploiter les possibilit\u00e9s d\u2019action du secteur de la bienfaisance, ainsi que pour intervenir sur les questions li\u00e9es \u00e0 la recherche et aux politiques publiques en mati\u00e8re de sant\u00e9, afin d\u2019avoir une incidence positive sur les r\u00e9sultats de sant\u00e9 des Canadiens et Canadiennes.<\/p>\n\n\n\n<p>\u00c0 l\u2019heure actuelle, nous militons en faveur de la recherche en sant\u00e9 et de saines politiques publiques en mati\u00e8re de sant\u00e9, et travaillons au rehaussement des possibilit\u00e9s de r\u00e9seautage pour nos membres et \u00e0 la collecte de fonds pour financer le travail de la Coalition.<\/p>\n<\/div>\n","protected":false},"excerpt":{"rendered":"<p>En avril 1998, une petite table ronde a r\u00e9uni d\u2019importants b\u00e9n\u00e9voles et employ\u00e9s d\u2019organismes nationaux de bienfaisance en sant\u00e9 et le ministre f\u00e9d\u00e9ral de la Sant\u00e9 de l\u2019\u00e9poque, l\u2019honorable Alan Rock. Cette r\u00e9union a fourni \u00e0 un petit sous-secteur l\u2019occasion de se rallier pour aborder ensemble des pr\u00e9occupations et int\u00e9r\u00eats communs d\u2019envergure. \u00c0 l\u2019\u00e9poque, les [&hellip;]<\/p>\n","protected":false},"author":1,"featured_media":0,"parent":630,"menu_order":0,"comment_status":"closed","ping_status":"closed","template":"","meta":{"_acf_changed":false,"footnotes":""},"class_list":["post-642","page","type-page","status-publish","hentry"],"better_featured_image":null,"acf":[],"_links":{"self":[{"href":"https:\/\/www.healthcharities.ca\/fr\/wp-json\/wp\/v2\/pages\/642","targetHints":{"allow":["GET"]}}],"collection":[{"href":"https:\/\/www.healthcharities.ca\/fr\/wp-json\/wp\/v2\/pages"}],"about":[{"href":"https:\/\/www.healthcharities.ca\/fr\/wp-json\/wp\/v2\/types\/page"}],"author":[{"embeddable":true,"href":"https:\/\/www.healthcharities.ca\/fr\/wp-json\/wp\/v2\/users\/1"}],"replies":[{"embeddable":true,"href":"https:\/\/www.healthcharities.ca\/fr\/wp-json\/wp\/v2\/comments?post=642"}],"version-history":[{"count":4,"href":"https:\/\/www.healthcharities.ca\/fr\/wp-json\/wp\/v2\/pages\/642\/revisions"}],"predecessor-version":[{"id":1248,"href":"https:\/\/www.healthcharities.ca\/fr\/wp-json\/wp\/v2\/pages\/642\/revisions\/1248"}],"up":[{"embeddable":true,"href":"https:\/\/www.healthcharities.ca\/fr\/wp-json\/wp\/v2\/pages\/630"}],"wp:attachment":[{"href":"https:\/\/www.healthcharities.ca\/fr\/wp-json\/wp\/v2\/media?parent=642"}],"curies":[{"name":"wp","href":"https:\/\/api.w.org\/{rel}","templated":true}]}}