{"id":646,"date":"2024-06-05T13:15:07","date_gmt":"2024-06-05T17:15:07","guid":{"rendered":"https:\/\/hcc-03.eproofs.ca\/?page_id=646"},"modified":"2024-06-05T13:16:03","modified_gmt":"2024-06-05T17:16:03","slug":"reconnaissance-des-terres-ancestrales","status":"publish","type":"page","link":"https:\/\/www.healthcharities.ca\/fr\/reconnaissance-des-terres-ancestrales\/","title":{"rendered":"Reconnaissance des terres ancestrales"},"content":{"rendered":"\n<p>La Coalition canadienne des organismes de bienfaisance en sant\u00e9, un organisme national, reconna\u00eet effectuer son travail sur des territoires autochtones traditionnels d\u2019un bout \u00e0 l\u2019autre du Canada et reconna\u00eet avec gratitude que son bureau physique situ\u00e9 \u00e0 Ottawa se trouve sur le territoire non c\u00e9d\u00e9 et non abandonn\u00e9 de la nation des <strong>Algonquins<\/strong> Anishinaabe, dont la pr\u00e9sence immuable ici remonte \u00e0 des temps imm\u00e9moriaux.<\/p>\n\n\n\n<p>Nous reconnaissons les profondes injustices inflig\u00e9es aux terres, aux cultures et aux peuples originaux de ce territoire que nous appelons le Canada.&nbsp;<\/p>\n\n\n\n<p>La Coalition croit fermement que les soins de sant\u00e9 jouent un r\u00f4le int\u00e9gral dans notre cheminement collectif vers la gu\u00e9rison et la r\u00e9conciliation, et nous nous engageons \u00e0 suivre une nouvelle voie plus inclusive, plus collaborative et plus respectueuse.<\/p>\n","protected":false},"excerpt":{"rendered":"<p>La Coalition canadienne des organismes de bienfaisance en sant\u00e9, un organisme national, reconna\u00eet effectuer son travail sur des territoires autochtones traditionnels d\u2019un bout \u00e0 l\u2019autre du Canada et reconna\u00eet avec gratitude que son bureau physique situ\u00e9 \u00e0 Ottawa se trouve sur le territoire non c\u00e9d\u00e9 et non abandonn\u00e9 de la nation des Algonquins Anishinaabe, dont [&hellip;]<\/p>\n","protected":false},"author":1,"featured_media":0,"parent":0,"menu_order":0,"comment_status":"closed","ping_status":"closed","template":"","meta":{"_acf_changed":false,"footnotes":""},"class_list":["post-646","page","type-page","status-publish","hentry"],"better_featured_image":null,"acf":[],"_links":{"self":[{"href":"https:\/\/www.healthcharities.ca\/fr\/wp-json\/wp\/v2\/pages\/646","targetHints":{"allow":["GET"]}}],"collection":[{"href":"https:\/\/www.healthcharities.ca\/fr\/wp-json\/wp\/v2\/pages"}],"about":[{"href":"https:\/\/www.healthcharities.ca\/fr\/wp-json\/wp\/v2\/types\/page"}],"author":[{"embeddable":true,"href":"https:\/\/www.healthcharities.ca\/fr\/wp-json\/wp\/v2\/users\/1"}],"replies":[{"embeddable":true,"href":"https:\/\/www.healthcharities.ca\/fr\/wp-json\/wp\/v2\/comments?post=646"}],"version-history":[{"count":1,"href":"https:\/\/www.healthcharities.ca\/fr\/wp-json\/wp\/v2\/pages\/646\/revisions"}],"predecessor-version":[{"id":647,"href":"https:\/\/www.healthcharities.ca\/fr\/wp-json\/wp\/v2\/pages\/646\/revisions\/647"}],"wp:attachment":[{"href":"https:\/\/www.healthcharities.ca\/fr\/wp-json\/wp\/v2\/media?parent=646"}],"curies":[{"name":"wp","href":"https:\/\/api.w.org\/{rel}","templated":true}]}}