{"id":677,"date":"2024-05-22T17:12:36","date_gmt":"2024-05-22T21:12:36","guid":{"rendered":"https:\/\/hcc-03.eproofs.ca\/demande-dadhesion\/"},"modified":"2024-08-21T16:00:39","modified_gmt":"2024-08-21T20:00:39","slug":"membership-adhesion","status":"publish","type":"page","link":"https:\/\/www.healthcharities.ca\/fr\/membership-adhesion\/","title":{"rendered":"Demande d\u2019adh\u00e9sion"},"content":{"rendered":"\n<div class=\"wp-block-media-text alignfull is-stacked-on-mobile is-image-fill\"><figure class=\"wp-block-media-text__media\" style=\"background-image:url(https:\/\/www.healthcharities.ca\/wp-content\/uploads\/2024\/06\/health-button-scaled-800.jpg);background-position:50% 50%\"><img loading=\"lazy\" decoding=\"async\" width=\"800\" height=\"451\" src=\"https:\/\/www.healthcharities.ca\/wp-content\/uploads\/2024\/06\/health-button-scaled-800.jpg\" alt=\"A keyboard with two buttons replaced: one that is the Canadian Flag and then a red button that says 'health'\" class=\"wp-image-896 size-full\" srcset=\"https:\/\/www.healthcharities.ca\/wp-content\/uploads\/2024\/06\/health-button-scaled-800.jpg 800w, https:\/\/www.healthcharities.ca\/wp-content\/uploads\/2024\/06\/health-button-scaled-800-300x169.jpg 300w\" sizes=\"auto, (max-width: 800px) 100vw, 800px\" \/><\/figure><div class=\"wp-block-media-text__content\">\n<h2 class=\"wp-block-heading\">Postuler pour devenir membre<\/h2>\n\n\n\n<p>Toutes les demandes d\u2019adh\u00e9sion sont examin\u00e9es par le Conseil d\u2019administration de la CCOBS. C\u2019est ce dernier qui prend la d\u00e9cision finale en mati\u00e8re d\u2019approbation des demandes d\u2019adh\u00e9sion. <\/p>\n\n\n\n<p>La CCOBS s\u2019engage \u00e0 examiner les demandes et \u00e0 effectuer le suivi avec les demandeurs dans les meilleurs d\u00e9lais. Les cotisations seront calcul\u00e9es au prorata de la date de leur approbation, si elles sont pr\u00e9sent\u00e9es et approuv\u00e9es au cours de l\u2019exercice de la Coalition. <\/p>\n\n\n\n<p>Les demandeurs seront inform\u00e9s de l\u2019acceptation ou du refus de leur demande d\u2019adh\u00e9sion dans la semaine suivant la d\u00e9cision du Conseil d\u2019administration.<\/p>\n\n\n\n<p>Pour en savoir plus sur les obligations des membres et sur les cotisations, veuillez <a href=\"https:\/\/www.healthcharities.ca\/fr\/membership-adhesion\/membership-criteria-criteres-dadhesion\/\" data-type=\"page\" data-id=\"603\"> cliquer ici. <\/a><\/p>\n<\/div><\/div>\n\n<div style=\"height:19px\" aria-hidden=\"true\" class=\"wp-block-spacer\"><\/div>\n\n<div class=\"wp-block-buttons is-content-justification-center is-layout-flex wp-container-core-buttons-is-layout-16018d1d wp-block-buttons-is-layout-flex\">\n<div class=\"wp-block-button is-style-fill\"><a class=\"wp-block-button__link has-inner-accent-background-color has-background has-text-align-center wp-element-button\" href=\"mailto:info@healthcharities.ca\">Pour obtenir une copie du formulaire de demande s\u2019il vous pla\u00eet contactez-nous au info@healthcharities.ca.<\/a><\/div>\n<\/div>\n","protected":false},"excerpt":{"rendered":"<p>Postuler pour devenir membre Toutes les demandes d\u2019adh\u00e9sion sont examin\u00e9es par le Conseil d\u2019administration de la CCOBS. C\u2019est ce dernier qui prend la d\u00e9cision finale en mati\u00e8re d\u2019approbation des demandes d\u2019adh\u00e9sion. La CCOBS s\u2019engage \u00e0 examiner les demandes et \u00e0 effectuer le suivi avec les demandeurs dans les meilleurs d\u00e9lais. Les cotisations seront calcul\u00e9es au [&hellip;]<\/p>\n","protected":false},"author":1,"featured_media":0,"parent":0,"menu_order":0,"comment_status":"closed","ping_status":"closed","template":"","meta":{"_acf_changed":false,"footnotes":""},"class_list":["post-677","page","type-page","status-publish","hentry"],"better_featured_image":null,"acf":[],"_links":{"self":[{"href":"https:\/\/www.healthcharities.ca\/fr\/wp-json\/wp\/v2\/pages\/677","targetHints":{"allow":["GET"]}}],"collection":[{"href":"https:\/\/www.healthcharities.ca\/fr\/wp-json\/wp\/v2\/pages"}],"about":[{"href":"https:\/\/www.healthcharities.ca\/fr\/wp-json\/wp\/v2\/types\/page"}],"author":[{"embeddable":true,"href":"https:\/\/www.healthcharities.ca\/fr\/wp-json\/wp\/v2\/users\/1"}],"replies":[{"embeddable":true,"href":"https:\/\/www.healthcharities.ca\/fr\/wp-json\/wp\/v2\/comments?post=677"}],"version-history":[{"count":6,"href":"https:\/\/www.healthcharities.ca\/fr\/wp-json\/wp\/v2\/pages\/677\/revisions"}],"predecessor-version":[{"id":1621,"href":"https:\/\/www.healthcharities.ca\/fr\/wp-json\/wp\/v2\/pages\/677\/revisions\/1621"}],"wp:attachment":[{"href":"https:\/\/www.healthcharities.ca\/fr\/wp-json\/wp\/v2\/media?parent=677"}],"curies":[{"name":"wp","href":"https:\/\/api.w.org\/{rel}","templated":true}]}}