{"id":753,"date":"2024-05-22T17:12:36","date_gmt":"2024-05-22T21:12:36","guid":{"rendered":"https:\/\/hcc-03.eproofs.ca\/position-statements-enonces-de-principes\/"},"modified":"2025-02-27T10:23:00","modified_gmt":"2025-02-27T15:23:00","slug":"position-statements-enonces-de-principes","status":"publish","type":"page","link":"https:\/\/www.healthcharities.ca\/fr\/ressources\/position-statements-enonces-de-principes\/","title":{"rendered":"\u00c9nonc\u00e9s de principes"},"content":{"rendered":"\n<div class=\"wp-block-group alignfull is-layout-constrained wp-block-group-is-layout-constrained\">\n<ul class=\"wp-block-list\">\n<li><a href=\"https:\/\/www.healthcharities.ca\/fr\/news-and-events\/declaration-de-la-coalition-canadienne-des-organismes-de-bienfaisance-en-sante-sur-les-tarifs-annonces\/\" data-type=\"link\" data-id=\"https:\/\/www.healthcharities.ca\/fr\/news-and-events\/declaration-de-la-coalition-canadienne-des-organismes-de-bienfaisance-en-sante-sur-les-tarifs-annonces\/\">D\u00e9claration de la Coalition canadienne des organismes de bienfaisance en sant\u00e9 sur les tarifs annonc\u00e9s<\/a> Approuv\u00e9 en f\u00e9vrier 2025<\/li>\n\n\n\n<li><p style=\"background-color: initial; display: inline !important;\"><a href=\"https:\/\/www.healthcharities.ca\/wp-content\/uploads\/2024\/06\/HCCC-Science-Review-submission-Executive-Summary-Final-FR.pdf\" target=\"_blank\" rel=\"noopener\">L\u2019examen du soutien f\u00e9d\u00e9ral aux sciences, Sommaire et recommandations<\/a>,&nbsp;<\/p><br><p><span style=\"background-color: initial;\">Approuv\u00e9 en septembre 2016 &#8211;&nbsp;Fran\u00e7ais (292KB)<\/span><\/p><\/li>\n\n\n\n<li><a href=\"https:\/\/www.healthcharities.ca\/wp-content\/uploads\/2024\/06\/HCCC_PositionStatementATM_2016_FR.pdf\">\u00c9nonc\u00e9 de position- l\u2019Acc\u00e8s aux M\u00e9dicaments<\/a>,&nbsp;<span style=\"line-height: 23px;\">Approuv\u00e9 en mars 2016 &#8211; Fran\u00e7ais (2,585KB)<\/span><\/li>\n\n\n\n<li><span style=\"line-height: 23px;\">L&rsquo;acc\u00e8s aux M\u00e9dicaments, <a href=\"https:\/\/www.healthcharities.ca\/wp-content\/uploads\/2024\/06\/HCCC_ATMFrequentlyAskedQuestions_2016_FR.pdf\">Foire aux Questions<\/a><\/span><\/li>\n\n\n\n<li>L&rsquo;acc\u00e8s aux M\u00e9dicaments, <a href=\"https:\/\/www.healthcharities.ca\/wp-content\/uploads\/2024\/06\/HCCC_AccessToMedicine_Infographic_2016_FR.pdf\">Infographie<\/a><\/li>\n\n\n\n<li><a style=\"line-height: 1.231; background-color: initial;\" title=\"acces aux services de sante\" href=\"https:\/\/www.healthcharities.ca\/wp-content\/uploads\/2024\/06\/posstatement_accesshealthc_final_fr.pdf\">\u00c9nonc\u00e9 de position &#8211; Acc\u00e8s aux services de sant\u00e9<\/a>,&nbsp;<span style=\"line-height: 1.231; background-color: initial;\">Approuv\u00e9 en avril 2013 &#8211; Fran\u00e7ais (91KB)<\/span><\/li>\n\n\n\n<li><a href=\"https:\/\/www.healthcharities.ca\/wp-content\/uploads\/2024\/06\/icr__posstatement__julliet_2017_fr.pdf\">\u00c9nonc\u00e9 de position&nbsp;sur les couts indirects de la recherche<\/a>,&nbsp;R\u00e9vis\u00e9 en printemps 2017 &#8211;&nbsp;Fran\u00e7ais&nbsp; (372KB)<\/li>\n\n\n\n<li><a style=\"line-height: 1.231; background-color: initial;\" href=\"https:\/\/www.healthcharities.ca\/wp-content\/uploads\/2024\/06\/homecarepos_stemnt_sept22_11_final_fr.pdf\" target=\"_blank\" rel=\"noopener\">\u00c9nonc\u00e9 de principes sur l\u2019acc\u00e8s aux soins \u00e0 domicile<\/a>,&nbsp;<span style=\"line-height: 1.231; background-color: initial;\">R\u00e9vis\u00e9 en septembre 2011 &#8211;&nbsp;<\/span><span style=\"line-height: 1.231; background-color: initial;\">Fran\u00e7ais (370KB)<\/span><\/li>\n\n\n\n<li><a style=\"line-height: 1.231; background-color: initial;\" href=\"https:\/\/www.healthcharities.ca\/wp-content\/uploads\/2024\/06\/posstatement_dtca_approvedbygcnov22_11_final_fr.pdf\" target=\"_blank\" rel=\"noopener\">\u00c9nonc\u00e9 de principes sur la publicit\u00e9 s\u2019adressant directement aux consommateurs<\/a>,&nbsp;<span class=\"short_text\" style=\"line-height: 1.231; background-color: initial;\"><span class=\"hps\">Approuv\u00e9<\/span><\/span><span style=\"line-height: 1.231; background-color: initial;\"> en novembre 2011 &#8211; Fran\u00e7ais (271KB)<\/span><\/li>\n\n\n\n<li><strong style=\"line-height: 1.231; background-color: initial;\">\u00c9nonc\u00e9 de principes sur l\u2019enregistrement des essais cliniques,&nbsp;<\/strong><span style=\"line-height: 1.231; background-color: initial;\">L\u2019\u00e9nonc\u00e9 de principes de la CCOBS sur l\u2019enregistrement des essais cliniques a \u00e9t\u00e9 retir\u00e9 de notre site Web dans l\u2019attente de sa r\u00e9vision.<\/span><\/li>\n<\/ul>\n<\/div>\n","protected":false},"excerpt":{"rendered":"","protected":false},"author":1,"featured_media":0,"parent":756,"menu_order":0,"comment_status":"closed","ping_status":"closed","template":"","meta":{"_acf_changed":false,"footnotes":""},"class_list":["post-753","page","type-page","status-publish","hentry"],"better_featured_image":null,"acf":[],"_links":{"self":[{"href":"https:\/\/www.healthcharities.ca\/fr\/wp-json\/wp\/v2\/pages\/753","targetHints":{"allow":["GET"]}}],"collection":[{"href":"https:\/\/www.healthcharities.ca\/fr\/wp-json\/wp\/v2\/pages"}],"about":[{"href":"https:\/\/www.healthcharities.ca\/fr\/wp-json\/wp\/v2\/types\/page"}],"author":[{"embeddable":true,"href":"https:\/\/www.healthcharities.ca\/fr\/wp-json\/wp\/v2\/users\/1"}],"replies":[{"embeddable":true,"href":"https:\/\/www.healthcharities.ca\/fr\/wp-json\/wp\/v2\/comments?post=753"}],"version-history":[{"count":3,"href":"https:\/\/www.healthcharities.ca\/fr\/wp-json\/wp\/v2\/pages\/753\/revisions"}],"predecessor-version":[{"id":1721,"href":"https:\/\/www.healthcharities.ca\/fr\/wp-json\/wp\/v2\/pages\/753\/revisions\/1721"}],"up":[{"embeddable":true,"href":"https:\/\/www.healthcharities.ca\/fr\/wp-json\/wp\/v2\/pages\/756"}],"wp:attachment":[{"href":"https:\/\/www.healthcharities.ca\/fr\/wp-json\/wp\/v2\/media?parent=753"}],"curies":[{"name":"wp","href":"https:\/\/api.w.org\/{rel}","templated":true}]}}