{"id":755,"date":"2024-05-22T17:12:36","date_gmt":"2024-05-22T21:12:36","guid":{"rendered":"https:\/\/hcc-03.eproofs.ca\/legal-disclaimer-avis-de-non-responsabilite\/"},"modified":"2024-06-19T19:53:11","modified_gmt":"2024-06-19T23:53:11","slug":"legal-disclaimer-avis-de-non-responsabilite","status":"publish","type":"page","link":"https:\/\/www.healthcharities.ca\/fr\/legal-disclaimer-avis-de-non-responsabilite\/","title":{"rendered":"Avis de non-responsabilit\u00e9"},"content":{"rendered":"\n<div class=\"wp-block-group alignfull is-layout-constrained wp-block-group-is-layout-constrained\">\n<p>NOTA : veuillez lire cet avis d\u2019exon\u00e9ration au complet avant d\u2019utiliser notre site Web. <br>Aux fins du pr\u00e9sent avis d\u2019exon\u00e9ration, la Coalition canadienne des organismes de bienfaisance en sant\u00e9 sera d\u00e9sign\u00e9e sous le nom de \u00ab L\u2019ORGANISME \u00bb.<\/p>\n\n\n\n<h2 class=\"wp-block-heading\">Avis g\u00e9n\u00e9ral d\u2019exon\u00e9ration de responsabilit\u00e9<\/h2>\n\n\n\n<p>LE SERVICE ET LE CONTENU OBTENUS DE OU PAR LE BIAIS DU PR\u00c9SENT SITE SONT FOURNIS \u00ab TELS QUELS \u00bb, \u00ab SELON LA DISPONIBILIT\u00c9 \u00bb, ET TOUTES LES GARANTIES, EXPRIM\u00c9ES OU IMPLICITES, SONT D\u00c9CLIN\u00c9ES (Y COMPRIS, MAIS SANS EN EXCLURE D&rsquo;AUTRES, L&rsquo;AVIS D&rsquo;EXON\u00c9RATION DE RESPONSABILIT\u00c9 DE TOUTES GARANTIES IMPLICITES DE QUALIT\u00c9 MARCHANDE ET D&rsquo;ADAPTATION \u00c0 UN USAGE PARTICULIER). LES RENSEIGNEMENTS CI-INCLUS PEUVENT CONTENIR DES BOGUES, DES ERREURS, DES PROBL\u00c8MES OU D&rsquo;AUTRES D\u00c9FAILLANCES. LE PROPRI\u00c9TAIRE DU PR\u00c9SENT SITE N&rsquo;ACCEPTE AUCUNE OBLIGATION OU RESPONSABILIT\u00c9 POUR TOUTES ERREURS OU OMISSIONS AU CONTENU DU PR\u00c9SENT SITE.<\/p>\n\n\n\n<p>L&rsquo;utilisateur accepte d&rsquo;indemniser, de d\u00e9fendre et de tenir le propri\u00e9taire et ses associ\u00e9s, les conc\u00e9dants de licence, les fournisseurs du contenu et des services, les \u00e9diteurs participants, les auteurs, les concessionnaires et les fournisseurs exempts de toutes responsabilit\u00e9s, pertes, revendications, et d\u00e9penses, y compris les frais et les d\u00e9penses d&rsquo;avocat, reli\u00e9s \u00e0 la violation de cette entente par l&rsquo;utilisateur ou \u00e0 l&rsquo;utilisation du pr\u00e9sent site Web.<\/p>\n\n\n\n<p>Toute responsabilit\u00e9 ou obligation pour tout dommage caus\u00e9 par des virus contenus dans les fichiers \u00e9lectroniques ou sur le site est d\u00e9ni\u00e9e.<\/p>\n\n\n\n<h3 class=\"wp-block-heading\">Hyperliens<\/h3>\n\n\n\n<p>Le pr\u00e9sent site offre des liens \u00e0 d&rsquo;autres sites Internet. Ces liens ne sont pas des endossements \u00e0 tous produits ou services offerts sur ces m\u00eames sites, et aucun renseignement sur ces sites n&rsquo;a \u00e9t\u00e9 endoss\u00e9 ou approuv\u00e9 par l\u2019ORGANISME.<\/p>\n\n\n\n<h3 class=\"wp-block-heading\">Documentation<\/h3>\n\n\n\n<p>Toutes les remarques, suggestions, id\u00e9es, graphiques ou tous les autres renseignements communiqu\u00e9s \u00e0 l\u2019ORGANISME par le biais du pr\u00e9sent site (collectivement, la \u00ab documentation \u00bb) deviendront \u00e0 tout jamais la propri\u00e9t\u00e9 de l\u2019ORGANISME. L\u2019ORGANISME ne sera tenu de traiter aucune documentation \u00e0 titre confidentiel, et ne sera tenue responsable d&rsquo;aucune id\u00e9e lanc\u00e9e dans le cadre de ses op\u00e9rations (y compris sans en exclure d&rsquo;autres, les id\u00e9es de produit ou de publicit\u00e9) et ne contractera aucune responsabilit\u00e9 d\u00e9coulant de similarit\u00e9s qui pourraient survenir relativement \u00e0 des produits ou op\u00e9rations futurs de l\u2019ORGANISME. Sans prescription extinctive, l\u2019ORGANISME aura la propri\u00e9t\u00e9 exclusive de tous les droits existants \u00e0 la documentation, pr\u00e9sents et futurs, de toute nature et de tout caract\u00e8re, et ce partout. L\u2019ORGANISME aura le droit d&rsquo;utiliser la documentation \u00e0 toutes fins commerciales ou \u00e0 toutes autres fins de quelque nature que ce soit, sans qu&rsquo;aucune indemnit\u00e9 ne soit vers\u00e9e \u00e0 vous ou \u00e0 toute autre personne lui acheminant la documentation. Vous reconnaissez que vous \u00eates responsable de toute documentation que vous nous remettez, et que vous, et non l\u2019ORGANISME, \u00eates pleinement responsable du message, y compris de sa l\u00e9galit\u00e9, de sa fiabilit\u00e9, de sa pertinence, de son originalit\u00e9, et des droits d&rsquo;auteur qui y sont reli\u00e9s.<\/p>\n<\/div>\n","protected":false},"excerpt":{"rendered":"<p>NOTA : veuillez lire cet avis d\u2019exon\u00e9ration au complet avant d\u2019utiliser notre site Web. Aux fins du pr\u00e9sent avis d\u2019exon\u00e9ration, la Coalition canadienne des organismes de bienfaisance en sant\u00e9 sera d\u00e9sign\u00e9e sous le nom de \u00ab L\u2019ORGANISME \u00bb. Avis g\u00e9n\u00e9ral d\u2019exon\u00e9ration de responsabilit\u00e9 LE SERVICE ET LE CONTENU OBTENUS DE OU PAR LE BIAIS DU [&hellip;]<\/p>\n","protected":false},"author":1,"featured_media":0,"parent":0,"menu_order":0,"comment_status":"closed","ping_status":"closed","template":"","meta":{"_acf_changed":false,"footnotes":""},"class_list":["post-755","page","type-page","status-publish","hentry"],"better_featured_image":null,"acf":[],"_links":{"self":[{"href":"https:\/\/www.healthcharities.ca\/fr\/wp-json\/wp\/v2\/pages\/755","targetHints":{"allow":["GET"]}}],"collection":[{"href":"https:\/\/www.healthcharities.ca\/fr\/wp-json\/wp\/v2\/pages"}],"about":[{"href":"https:\/\/www.healthcharities.ca\/fr\/wp-json\/wp\/v2\/types\/page"}],"author":[{"embeddable":true,"href":"https:\/\/www.healthcharities.ca\/fr\/wp-json\/wp\/v2\/users\/1"}],"replies":[{"embeddable":true,"href":"https:\/\/www.healthcharities.ca\/fr\/wp-json\/wp\/v2\/comments?post=755"}],"version-history":[{"count":1,"href":"https:\/\/www.healthcharities.ca\/fr\/wp-json\/wp\/v2\/pages\/755\/revisions"}],"predecessor-version":[{"id":1072,"href":"https:\/\/www.healthcharities.ca\/fr\/wp-json\/wp\/v2\/pages\/755\/revisions\/1072"}],"wp:attachment":[{"href":"https:\/\/www.healthcharities.ca\/fr\/wp-json\/wp\/v2\/media?parent=755"}],"curies":[{"name":"wp","href":"https:\/\/api.w.org\/{rel}","templated":true}]}}