{"id":756,"date":"2024-05-22T17:12:54","date_gmt":"2024-05-22T21:12:54","guid":{"rendered":"https:\/\/hcc-03.eproofs.ca\/how-to-health-guide-guide-sante-pratique\/"},"modified":"2024-07-19T16:31:46","modified_gmt":"2024-07-19T20:31:46","slug":"ressources","status":"publish","type":"page","link":"https:\/\/www.healthcharities.ca\/fr\/ressources\/","title":{"rendered":"Ressources"},"content":{"rendered":"\n<div class=\"wp-block-media-text alignfull is-stacked-on-mobile is-image-fill\"><figure class=\"wp-block-media-text__media\" style=\"background-image:url(https:\/\/www.healthcharities.ca\/wp-content\/uploads\/2024\/06\/diverse-young-female-friends-walking-in-the-city.jpg);background-position:50% 50%\"><img loading=\"lazy\" decoding=\"async\" width=\"800\" height=\"534\" src=\"https:\/\/www.healthcharities.ca\/wp-content\/uploads\/2024\/06\/diverse-young-female-friends-walking-in-the-city.jpg\" alt=\"\" class=\"wp-image-1253 size-full\" srcset=\"https:\/\/www.healthcharities.ca\/wp-content\/uploads\/2024\/06\/diverse-young-female-friends-walking-in-the-city.jpg 800w, https:\/\/www.healthcharities.ca\/wp-content\/uploads\/2024\/06\/diverse-young-female-friends-walking-in-the-city-300x200.jpg 300w\" sizes=\"auto, (max-width: 800px) 100vw, 800px\" \/><\/figure><div class=\"wp-block-media-text__content\">\n<p>Le Guide de sant\u00e9 pratiquea a \u00e9t\u00e9 r\u00e9dig\u00e9 pour aider les patients, les aidants naturels, les amis et les familles \u00e0 g\u00e9rer l\u2019information sur le syst\u00e8me de soins de sant\u00e9 canadien qui peut souvent d\u00e9sorienter.<\/p>\n\n\n\n<p>Si vous, ou une personne que vous aimez et qui vous est ch\u00e8re, essayez de trouver des services de sant\u00e9, un appui ou de l\u2019information sur une maladie, voici ce que vous pouvez faire pour b\u00e9n\u00e9ficier des meilleurs soins possible.<\/p>\n<\/div><\/div>\n\n\n\n<div class=\"wp-block-group alignfull is-style-thin is-layout-constrained wp-block-group-is-layout-constrained\">\n<div class=\"wp-block-media-text alignwide is-stacked-on-mobile has-theme-primary-background-color has-background\"><figure class=\"wp-block-media-text__media\"><img loading=\"lazy\" decoding=\"async\" width=\"1024\" height=\"683\" src=\"https:\/\/www.healthcharities.ca\/wp-content\/uploads\/2024\/06\/giving-patient-high-five-banner-tall-1024x683.jpg\" alt=\"\" class=\"wp-image-1275 size-full\" srcset=\"https:\/\/www.healthcharities.ca\/wp-content\/uploads\/2024\/06\/giving-patient-high-five-banner-tall-1024x683.jpg 1024w, https:\/\/www.healthcharities.ca\/wp-content\/uploads\/2024\/06\/giving-patient-high-five-banner-tall-300x200.jpg 300w, https:\/\/www.healthcharities.ca\/wp-content\/uploads\/2024\/06\/giving-patient-high-five-banner-tall.jpg 1920w\" sizes=\"auto, (max-width: 1024px) 100vw, 1024px\" \/><\/figure><div class=\"wp-block-media-text__content\">\n<p>Le Guide contient des renseignements de base pour savoir comment parler d\u2019un large \u00e9ventail de questions aux personnes qui travaillent au sein du syst\u00e8me, notamment pour&nbsp;:<\/p>\n\n\n\n<ul class=\"wp-block-list\">\n<li><span class=\"Apple-style-span\">comprendre<\/span> le syst\u00e8me de soins de sant\u00e9<\/li>\n\n\n\n<li><span class=\"Apple-style-span\">trouver<\/span> l\u2019information et les services dont vous avez besoin<\/li>\n\n\n\n<li><span class=\"Apple-style-span\">examiner et \u00e9valuer<\/span> l\u2019information que vous trouvez<\/li>\n\n\n\n<li><span class=\"Apple-style-span\">parler<\/span> avec votre m\u00e9decin ou fournisseur de soins de sant\u00e9<\/li>\n\n\n\n<li><span class=\"Apple-style-span\">demander<\/span> une deuxi\u00e8me&nbsp;opinion<\/li>\n\n\n\n<li><span class=\"Apple-style-span\">g\u00e9rer<\/span> votre \u00e9tat de sant\u00e9<\/li>\n\n\n\n<li><span class=\"Apple-style-span\">payer<\/span> vos m\u00e9dicaments<\/li>\n\n\n\n<li><span class=\"Apple-style-span\">participer<\/span> \u00e0 un essai clinique<\/li>\n\n\n\n<li><span class=\"Apple-style-span\">d\u00e9fendre vos droits<\/span> et demander l\u2019appui dont vous avez besoin<\/li>\n<\/ul>\n<\/div><\/div>\n\n\n\n<p><span class=\"Apple-style-span\"><span class=\"Apple-style-span\"> Veuillez noter que les renseignements contenus dans ce site Web ne sont pas destin\u00e9s \u00e0 remplacer les avis m\u00e9dicaux de votre \u00e9quipe soignante. Ils se limitent strictement \u00e0 vous guider, afin de vous assister pendant un parcours qui peut \u00eatre \u00e9prouvant. <\/span><\/span><\/p>\n\n\n\n<p>Nous souhaitons remercier Ryan Clarke, pr\u00e9sident, Advocacy Solutions et Rosemary Colucci, de Culucci Health Consulting Inc., My\u00e9lome Canada (pour l\u2019utilisation de son manuel pour les patients \u00e0 titre de r\u00e9f\u00e9rence) et les membres du Comit\u00e9 permanent de la CCOBS sur la politique de sant\u00e9 de leurs contributions \u00e0 l\u2019\u00e9laboration de ce document.<\/p>\n\n\n\n<p>Pour t\u00e9l\u00e9charger un exemplaire Web du Guide en fran\u00e7ais, cliquez sur <a href=\"https:\/\/www.healthcharities.ca\/wp-content\/uploads\/2024\/06\/HCCC_HowToHealthGuide_2016_FR-Final.pdf\" target=\"_blank\" rel=\"noopener\">Le guide de sant\u00e9 pratique<\/a>.<\/p>\n\n\n\n<p>Pour t\u00e9l\u00e9charger un exemplaire Web du Guide en anglais, veuillez cliquer sur \u00ab <a href=\"https:\/\/www.healthcharities.ca\/wp-content\/uploads\/2024\/06\/HCCC_HowToHealthGuide_2016_EN-Final.pdf\" target=\"_blank\" rel=\"noopener\">\u2018How To\u2019 Health Guide<\/a>&nbsp;\u00bb.<\/p>\n<\/div>\n","protected":false},"excerpt":{"rendered":"<p>Le Guide de sant\u00e9 pratiquea a \u00e9t\u00e9 r\u00e9dig\u00e9 pour aider les patients, les aidants naturels, les amis et les familles \u00e0 g\u00e9rer l\u2019information sur le syst\u00e8me de soins de sant\u00e9 canadien qui peut souvent d\u00e9sorienter. Si vous, ou une personne que vous aimez et qui vous est ch\u00e8re, essayez de trouver des services de sant\u00e9, [&hellip;]<\/p>\n","protected":false},"author":1,"featured_media":0,"parent":0,"menu_order":0,"comment_status":"closed","ping_status":"closed","template":"","meta":{"_acf_changed":false,"footnotes":""},"class_list":["post-756","page","type-page","status-publish","hentry"],"better_featured_image":null,"acf":[],"_links":{"self":[{"href":"https:\/\/www.healthcharities.ca\/fr\/wp-json\/wp\/v2\/pages\/756","targetHints":{"allow":["GET"]}}],"collection":[{"href":"https:\/\/www.healthcharities.ca\/fr\/wp-json\/wp\/v2\/pages"}],"about":[{"href":"https:\/\/www.healthcharities.ca\/fr\/wp-json\/wp\/v2\/types\/page"}],"author":[{"embeddable":true,"href":"https:\/\/www.healthcharities.ca\/fr\/wp-json\/wp\/v2\/users\/1"}],"replies":[{"embeddable":true,"href":"https:\/\/www.healthcharities.ca\/fr\/wp-json\/wp\/v2\/comments?post=756"}],"version-history":[{"count":6,"href":"https:\/\/www.healthcharities.ca\/fr\/wp-json\/wp\/v2\/pages\/756\/revisions"}],"predecessor-version":[{"id":1427,"href":"https:\/\/www.healthcharities.ca\/fr\/wp-json\/wp\/v2\/pages\/756\/revisions\/1427"}],"wp:attachment":[{"href":"https:\/\/www.healthcharities.ca\/fr\/wp-json\/wp\/v2\/media?parent=756"}],"curies":[{"name":"wp","href":"https:\/\/api.w.org\/{rel}","templated":true}]}}