{"id":758,"date":"2024-05-22T17:12:45","date_gmt":"2024-05-22T21:12:45","guid":{"rendered":"https:\/\/hcc-03.eproofs.ca\/governance-gouvernance\/"},"modified":"2026-01-16T09:44:44","modified_gmt":"2026-01-16T14:44:44","slug":"governance-gouvernance","status":"publish","type":"page","link":"https:\/\/www.healthcharities.ca\/fr\/about-a-propos-de-la-ccobs\/governance-gouvernance\/","title":{"rendered":"Gouvernance"},"content":{"rendered":"\n<div class=\"wp-block-group alignfull is-layout-constrained wp-block-group-is-layout-constrained\">\n<h2 class=\"wp-block-heading\">Qui nous sommes<\/h2>\n\n\n\n<h3 class=\"wp-block-heading\">Connie C\u00f4t\u00e9, directrice g\u00e9n\u00e9rale<\/h3>\n\n\n\n<p>Connie C\u00f4t\u00e9 poss\u00e8de une vaste exp\u00e9rience dans le secteur de la sant\u00e9, ayant int\u00e9gr\u00e9 la CCOBS directement de l\u2019Association pulmonaire du Canada o\u00f9 elle \u00e9tait directrice principale, et o\u00f9 elle a contribu\u00e9 avec grand succ\u00e8s, ayant notamment su rallier des intervenants vari\u00e9s, et ce, particuli\u00e8rement \u00e0 titre de directrice principale du Cadre de travail national sur la sant\u00e9 pulmonaire. Elle entend mettre \u00e0 profit son solide bagage d\u2019exp\u00e9rience en politiques publiques, un domaine intimement li\u00e9 \u00e0 l\u2019orientation strat\u00e9gique de la CCOBS.<\/p>\n\n\n\n<p>Mme&nbsp;C\u00f4t\u00e9 a \u00e9galement travaill\u00e9 \u00e0 la F\u00e9d\u00e9ration des ordres des m\u00e9decins du Canada, au Coll\u00e8ge royal des m\u00e9decins et chirurgiens du Canada, \u00e0 la Soci\u00e9t\u00e9 canadienne du cancer, \u00e0 Hospice Kingston et au centre de jour pour a\u00een\u00e9s New Hope Senior Citizen\u2019s Day Centre. Parfaitement bilingue, Mme&nbsp;C\u00f4t\u00e9 d\u00e9tient une ma\u00eetrise en syst\u00e8mes d\u2019intervention aupr\u00e8s des personnes de l\u2019Universit\u00e9 Concordia, \u00e0 Montr\u00e9al.<\/p>\n<\/div>\n\n\n\n<div class=\"wp-block-group alignfull is-layout-constrained wp-block-group-is-layout-constrained\">\n<h2 class=\"wp-block-heading\">Conseil d\u2019administration de la CCOBS &#8211; 2025-2026<\/h2>\n\n\n\n<p>Le conseil d\u2019administration est responsable devant les organismes membres de la CCOBS au chapitre de la priorit\u00e9 de ses programmes et de son int\u00e9grit\u00e9 financi\u00e8re. Il exerce ses responsabilit\u00e9s dans le cadre du contrat qui d\u00e9finit les relations entre la Coalition canadienne des organismes de bienfaisance en sant\u00e9 et l\u2019agent financier.<\/p>\n\n\n\n<p>Le conseil d\u2019administration d\u00e9finit la strat\u00e9gie de l\u2019organisme et \u00e9value son rendement pour veiller \u00e0 ce qu\u2019il accomplisse sa mission et son mandat. Il supervise et dirige \u00e9galement la directrice g\u00e9n\u00e9rale.<\/p>\n<\/div>\n\n\n\n<div class=\"wp-block-group alignfull is-layout-constrained wp-block-group-is-layout-constrained\">\n<h2 class=\"wp-block-heading\">Membre du conseil d\u2019administration<\/h2>\n\n\n\n<p><strong><strong>P<strong>r\u00e9sidente<\/strong><\/strong>&nbsp;:&nbsp;<\/strong>Laura Syron, pr\u00e9sident et chef de la direction, Diab\u00e8te Canada<\/p>\n\n\n\n<p><strong>Pr\u00e9sident sortant:&nbsp;<\/strong>Elizabeth Myles, directrice g\u00e9n\u00e9rale nationale, La Fondation canadienne du rein&nbsp;<\/p>\n\n\n\n<p><strong>Tr\u00e9sorier:<\/strong>&nbsp;Shelly Redman, chef de la direction,&nbsp;Soci\u00e9t\u00e9 Huntington du Canada<\/p>\n\n\n\n<p><\/p>\n\n\n\n<p>Doug Roth, chef de la direction,&nbsp;Fondation des maladies du c\u0153ur et de l\u2019AVC du Canada<\/p>\n\n\n\n<p>Jennifer Nebesky,&nbsp;pr\u00e9sidente et&nbsp;directrice g\u00e9n\u00e9rale,&nbsp;La Fondation canadienne du foie<\/p>\n\n\n\n<p>Pamela Valentine,&nbsp;pr\u00e9sidente et chef de la direction,&nbsp;la Soci\u00e9t\u00e9 canadienne de la scl\u00e9rose en plaques<\/p>\n\n\n\n<p>Famida Jiwa, pr\u00e9sident et chef de la direction, Ost\u00e9oporose Canada<\/p>\n\n\n\n<p>Jeff Beach, pr\u00e9sident et chef de la direction, Asthme Canada<\/p>\n\n\n\n<p><\/p>\n<\/div>\n","protected":false},"excerpt":{"rendered":"<p>Qui nous sommes Connie C\u00f4t\u00e9, directrice g\u00e9n\u00e9rale Connie C\u00f4t\u00e9 poss\u00e8de une vaste exp\u00e9rience dans le secteur de la sant\u00e9, ayant int\u00e9gr\u00e9 la CCOBS directement de l\u2019Association pulmonaire du Canada o\u00f9 elle \u00e9tait directrice principale, et o\u00f9 elle a contribu\u00e9 avec grand succ\u00e8s, ayant notamment su rallier des intervenants vari\u00e9s, et ce, particuli\u00e8rement \u00e0 titre de [&hellip;]<\/p>\n","protected":false},"author":1,"featured_media":0,"parent":630,"menu_order":0,"comment_status":"closed","ping_status":"closed","template":"","meta":{"_acf_changed":false,"footnotes":""},"class_list":["post-758","page","type-page","status-publish","hentry"],"better_featured_image":null,"acf":[],"_links":{"self":[{"href":"https:\/\/www.healthcharities.ca\/fr\/wp-json\/wp\/v2\/pages\/758","targetHints":{"allow":["GET"]}}],"collection":[{"href":"https:\/\/www.healthcharities.ca\/fr\/wp-json\/wp\/v2\/pages"}],"about":[{"href":"https:\/\/www.healthcharities.ca\/fr\/wp-json\/wp\/v2\/types\/page"}],"author":[{"embeddable":true,"href":"https:\/\/www.healthcharities.ca\/fr\/wp-json\/wp\/v2\/users\/1"}],"replies":[{"embeddable":true,"href":"https:\/\/www.healthcharities.ca\/fr\/wp-json\/wp\/v2\/comments?post=758"}],"version-history":[{"count":6,"href":"https:\/\/www.healthcharities.ca\/fr\/wp-json\/wp\/v2\/pages\/758\/revisions"}],"predecessor-version":[{"id":1997,"href":"https:\/\/www.healthcharities.ca\/fr\/wp-json\/wp\/v2\/pages\/758\/revisions\/1997"}],"up":[{"embeddable":true,"href":"https:\/\/www.healthcharities.ca\/fr\/wp-json\/wp\/v2\/pages\/630"}],"wp:attachment":[{"href":"https:\/\/www.healthcharities.ca\/fr\/wp-json\/wp\/v2\/media?parent=758"}],"curies":[{"name":"wp","href":"https:\/\/api.w.org\/{rel}","templated":true}]}}