{"id":760,"date":"2024-05-22T17:12:45","date_gmt":"2024-05-22T21:12:45","guid":{"rendered":"https:\/\/hcc-03.eproofs.ca\/publication-archives-archives-des-publications\/"},"modified":"2024-06-19T18:50:28","modified_gmt":"2024-06-19T22:50:28","slug":"publication-archives-archives-des-publications","status":"publish","type":"page","link":"https:\/\/www.healthcharities.ca\/fr\/ressources\/publication-archives-archives-des-publications\/","title":{"rendered":"Archives des publications"},"content":{"rendered":"\n<div class=\"wp-block-group alignfull is-layout-constrained wp-block-group-is-layout-constrained\">\n<h2 class=\"wp-block-heading\">Documents de travail<\/h2>\n\n\n\n<ul class=\"wp-block-list\">\n<li><a href=\"https:\/\/www.healthcharities.ca\/wp-content\/uploads\/2024\/06\/FinalBlueRibbonPanel.pdf\" target=\"_blank\" rel=\"noopener\">\u00ab Investir dans les citoyens et les collectivit\u00e9s \u00bb<\/a> (en anglais seulement) &#8211; M\u00e9moire sur le secteur communautaire sans but lucratif du Canada pr\u00e9sent\u00e9 au Groupe d\u2019experts ind\u00e9pendants sur les subventions et les contributions, dans le cadre du Plan d\u2019action sur l\u2019imputabilit\u00e9 f\u00e9d\u00e9rale, 2006 &#8211; pr\u00e9par\u00e9 par <a href=\"http:\/\/www.imaginecanada.ca\/\" target=\"_blank\" rel=\"noopener\">Imagine Canada<\/a><\/li>\n\n\n\n<li><a href=\"https:\/\/www.healthcharities.ca\/wp-content\/uploads\/2024\/06\/discussion_0401.pdf\" target=\"_blank\" rel=\"noopener\">Avril 2001 : Increasing Wellness in Canadians: The Role of Health Charities (en anglais seulement)<\/a><\/li>\n<\/ul>\n<\/div>\n\n\n\n<div class=\"wp-block-group alignfull has-theme-dark-background-color has-background is-layout-constrained wp-block-group-is-layout-constrained\">\n<h2 class=\"wp-block-heading\">Recherche<\/h2>\n\n\n\n<ul class=\"wp-block-list\">\n<li><a href=\"https:\/\/www.healthcharities.ca\/wp-content\/uploads\/2024\/06\/Health_Research_Invest_In_Canada_Wellbeing.pdf\" target=\"_blank\" rel=\"noopener\">Health Research &#8211; An Investment in Canada&rsquo;s Well-Being (en anglais seulement)<\/a> &#8211; Publication du Health Research Advocacy Network<\/li>\n\n\n\n<li><a href=\"https:\/\/www.healthcharities.ca\/wp-content\/uploads\/2024\/06\/02_11_08_Joint-Summary_CIHR_Sector.pdf\" target=\"_blank\" rel=\"noopener\">2002 CIHR and Voluntary Health Sector Survey Report (en anglais seulement)<\/a><\/li>\n\n\n\n<li><a href=\"https:\/\/www.healthcharities.ca\/wp-content\/uploads\/2024\/06\/english_2001progress.pdf\" target=\"_blank\" rel=\"noopener\">Mai 2001: CIHR Progress Report (en anglais seulement)<\/a><\/li>\n<\/ul>\n<\/div>\n\n\n\n<div class=\"wp-block-group alignfull is-layout-constrained wp-block-group-is-layout-constrained\">\n<h2 class=\"wp-block-heading\">Autre<\/h2>\n\n\n\n<ul class=\"wp-block-list\">\n<li><a href=\"https:\/\/www.healthcharities.ca\/wp-content\/uploads\/2024\/06\/SenateCommittee2.pdf\" target=\"_blank\" rel=\"noopener\">Recommendations to Standing Senate Committee on Banking, Trade and Commerce (en anglais seulement)<\/a> &#8211; Decembre 2004<\/li>\n\n\n\n<li>Investir dans la sant\u00e9 &#8211; 2003<br>Rapport \u00e0 la Coalition des organisations nationales volontaires sur l\u2019assistance financi\u00e8re de Sant\u00e9 Canada aux organismes b\u00e9n\u00e9voles nationaux en sant\u00e9.<br><p>R\u00e9sum\u00e9 en <a href=\"https:\/\/www.healthcharities.ca\/wp-content\/uploads\/2024\/06\/executive_summary_investing_in_health_02-03.pdf\" target=\"_blank\" rel=\"noopener\">anglais<\/a> et en <a href=\"https:\/\/www.healthcharities.ca\/wp-content\/uploads\/2024\/06\/03-04-18-executive_summary_investing_in_health_02-03_french.pdf\" target=\"_blank\" rel=\"noopener\">fran\u00e7ais<\/a>.<\/p><br><\/li>\n\n\n\n<li><a href=\"https:\/\/www.healthcharities.ca\/wp-content\/uploads\/2024\/06\/Establishing-a-Coalition-for-Health-Charities-Sept99.pdf\" target=\"_blank\" rel=\"noopener\">Finding Ways to Work Together (en anglais seulement)<\/a>\u00a0 &#8211;\u00a0 Proposition de cr\u00e9ation d\u2019une coalition pour les organismes b\u00e9n\u00e9voles nationaux travaillant dans le secteur de la sant\u00e9 \u2013 septembre 1999<\/li>\n<\/ul>\n<\/div>\n","protected":false},"excerpt":{"rendered":"<p>Documents de travail Recherche Autre<\/p>\n","protected":false},"author":1,"featured_media":0,"parent":756,"menu_order":0,"comment_status":"closed","ping_status":"closed","template":"","meta":{"_acf_changed":false,"footnotes":""},"class_list":["post-760","page","type-page","status-publish","hentry"],"better_featured_image":null,"acf":[],"_links":{"self":[{"href":"https:\/\/www.healthcharities.ca\/fr\/wp-json\/wp\/v2\/pages\/760","targetHints":{"allow":["GET"]}}],"collection":[{"href":"https:\/\/www.healthcharities.ca\/fr\/wp-json\/wp\/v2\/pages"}],"about":[{"href":"https:\/\/www.healthcharities.ca\/fr\/wp-json\/wp\/v2\/types\/page"}],"author":[{"embeddable":true,"href":"https:\/\/www.healthcharities.ca\/fr\/wp-json\/wp\/v2\/users\/1"}],"replies":[{"embeddable":true,"href":"https:\/\/www.healthcharities.ca\/fr\/wp-json\/wp\/v2\/comments?post=760"}],"version-history":[{"count":2,"href":"https:\/\/www.healthcharities.ca\/fr\/wp-json\/wp\/v2\/pages\/760\/revisions"}],"predecessor-version":[{"id":1019,"href":"https:\/\/www.healthcharities.ca\/fr\/wp-json\/wp\/v2\/pages\/760\/revisions\/1019"}],"up":[{"embeddable":true,"href":"https:\/\/www.healthcharities.ca\/fr\/wp-json\/wp\/v2\/pages\/756"}],"wp:attachment":[{"href":"https:\/\/www.healthcharities.ca\/fr\/wp-json\/wp\/v2\/media?parent=760"}],"curies":[{"name":"wp","href":"https:\/\/api.w.org\/{rel}","templated":true}]}}